{"id":44251,"date":"2024-08-18T19:27:11","date_gmt":"2024-09-10T07:41:58","guid":{"rendered":"https:\/\/staging.nbg.eu\/product\/flex-holster-lh-rh-aluminum-assembly\/"},"modified":"2024-09-10T07:42:52","modified_gmt":"2024-09-10T07:42:52","slug":"flex-torbica-lhrh-aluminijasta-sestava","status":"publish","type":"product","link":"https:\/\/staging.nbg.eu\/sl\/izdelek\/flex-torbica-lhrh-aluminijasta-sestava\/","title":{"rendered":"Flex torbica Lh\/Rh aluminijasta sestava"},"content":{"rendered":"<h2>Flex Holster Levo\/Desno Aluminijasto Ohi\u0161je<\/h2>\n<p>Flex Holster je vrhunska tekmovalna torbica, zasnovana za 1,5-pal\u010dne pasove, popolnoma zdru\u017eljiva s pasovi DAA LYNX in Premium. Klju\u010dne zna\u010dilnosti vklju\u010dujejo:<\/p>\n<ul>\n<li>Popolnoma CNC obdelana aluminijasta konstrukcija za neprimerljivo togost in trajnost<\/li>\n<li>Snemljivo obe\u0161alo za pas za enostavno potovanje in shranjevanje<\/li>\n<li>Inovativen sistem za prilagajanje nagiba za osebno udobje<\/li>\n<li>Vklju\u010dena stegenski podstavek za izbolj\u0161ano stabilnost<\/li>\n<\/ul>\n<p>Edinstvene mo\u017enosti nagiba vam omogo\u010dajo, da torbico postavite navpi\u010dno ali pod razli\u010dnimi koti, kar zagotavlja optimalno udobje ne glede na tip telesa ali polo\u017eaj pasu. Do\u017eivite vrhunec prilagodljivosti in zmogljivosti s Flex Holsterjem.<\/p>\n","protected":false},"excerpt":{"rendered":"<p>Trpe\u017ena CNC aluminijasta torbica z nastavljivim nagibom in snemljivim obe\u0161alnikom.<\/p>\n","protected":false},"featured_media":28881,"template":"","meta":{"_acf_changed":false},"product_brand":[11274],"product_cat":[13470,13437,13450,13475],"product_tag":[],"class_list":{"0":"post-44251","1":"product","2":"type-product","3":"status-publish","4":"has-post-thumbnail","6":"product_brand-doublealpha","7":"product_cat-dodatki-za-toke","8":"product_cat-kabura","9":"product_cat-oprema","10":"product_cat-sportni-tok","12":"first","13":"instock","14":"taxable","15":"shipping-taxable","16":"purchasable","17":"product-type-variable","18":"wvs-archive-product-wrapper"},"acf":[],"_links":{"self":[{"href":"https:\/\/staging.nbg.eu\/sl\/wp-json\/wp\/v2\/product\/44251","targetHints":{"allow":["GET"]}}],"collection":[{"href":"https:\/\/staging.nbg.eu\/sl\/wp-json\/wp\/v2\/product"}],"about":[{"href":"https:\/\/staging.nbg.eu\/sl\/wp-json\/wp\/v2\/types\/product"}],"wp:featuredmedia":[{"embeddable":true,"href":"https:\/\/staging.nbg.eu\/sl\/wp-json\/wp\/v2\/media\/28881"}],"wp:attachment":[{"href":"https:\/\/staging.nbg.eu\/sl\/wp-json\/wp\/v2\/media?parent=44251"}],"wp:term":[{"taxonomy":"product_brand","embeddable":true,"href":"https:\/\/staging.nbg.eu\/sl\/wp-json\/wp\/v2\/product_brand?post=44251"},{"taxonomy":"product_cat","embeddable":true,"href":"https:\/\/staging.nbg.eu\/sl\/wp-json\/wp\/v2\/product_cat?post=44251"},{"taxonomy":"product_tag","embeddable":true,"href":"https:\/\/staging.nbg.eu\/sl\/wp-json\/wp\/v2\/product_tag?post=44251"}],"curies":[{"name":"wp","href":"https:\/\/api.w.org\/{rel}","templated":true}]}}