{"id":44117,"date":"2024-03-14T09:38:02","date_gmt":"2024-03-14T09:38:02","guid":{"rendered":"https:\/\/staging.nbg.eu\/product\/izdelek-5\/"},"modified":"2024-09-13T10:02:21","modified_gmt":"2024-09-13T10:02:21","slug":"bore-tech-bombazne-palcke-100-kos","status":"publish","type":"product","link":"https:\/\/staging.nbg.eu\/sl\/izdelek\/bore-tech-bombazne-palcke-100-kos\/","title":{"rendered":"Bore Tech BOMBA\u017dNE PAL\u010cKE &#8211; 100 KOS"},"content":{"rendered":"<p>Bore Tech bomba\u017ene pal\u010dke: Za \u010di\u0161\u010denje in natan\u010den nanos topila. Zna\u010dilnosti:<\/p>\n<ul>\n<li>Bomba\u017ena konica z malo vlaken<\/li>\n<li>15 cm dolg upogljiv bambus ro\u010daj<\/li>\n<li>Primerno za dele AR, spro\u017eilne mehanizme in te\u017eko dostopna mesta<\/li>\n<li>Za nana\u0161anje masti in \u010di\u0161\u010denje majhnih vdolbin<\/li>\n<\/ul>\n<p>Paket 100 kosov za vzdr\u017eevanje strelnega oro\u017eja.<\/p>\n","protected":false},"excerpt":{"rendered":"<p>Natan\u010dni \u010distilni tamponi za strelno oro\u017eje. 15 cm bambusov ro\u010daj, konica z malo vlaken.<\/p>\n","protected":false},"featured_media":44118,"template":"","meta":{"_acf_changed":false},"product_brand":[11159],"product_cat":[13464,13491],"product_tag":[],"class_list":{"0":"post-44117","1":"product","2":"type-product","3":"status-publish","4":"has-post-thumbnail","6":"product_brand-boretech","7":"product_cat-ciscenje-orozja","8":"product_cat-krtace","10":"first","11":"instock","12":"taxable","13":"shipping-taxable","14":"purchasable","15":"product-type-simple"},"acf":[],"_links":{"self":[{"href":"https:\/\/staging.nbg.eu\/sl\/wp-json\/wp\/v2\/product\/44117","targetHints":{"allow":["GET"]}}],"collection":[{"href":"https:\/\/staging.nbg.eu\/sl\/wp-json\/wp\/v2\/product"}],"about":[{"href":"https:\/\/staging.nbg.eu\/sl\/wp-json\/wp\/v2\/types\/product"}],"wp:featuredmedia":[{"embeddable":true,"href":"https:\/\/staging.nbg.eu\/sl\/wp-json\/wp\/v2\/media\/44118"}],"wp:attachment":[{"href":"https:\/\/staging.nbg.eu\/sl\/wp-json\/wp\/v2\/media?parent=44117"}],"wp:term":[{"taxonomy":"product_brand","embeddable":true,"href":"https:\/\/staging.nbg.eu\/sl\/wp-json\/wp\/v2\/product_brand?post=44117"},{"taxonomy":"product_cat","embeddable":true,"href":"https:\/\/staging.nbg.eu\/sl\/wp-json\/wp\/v2\/product_cat?post=44117"},{"taxonomy":"product_tag","embeddable":true,"href":"https:\/\/staging.nbg.eu\/sl\/wp-json\/wp\/v2\/product_tag?post=44117"}],"curies":[{"name":"wp","href":"https:\/\/api.w.org\/{rel}","templated":true}]}}