{"id":44029,"date":"2024-08-18T19:33:17","date_gmt":"2024-09-09T15:47:47","guid":{"rendered":"https:\/\/staging.nbg.eu\/product\/lynx-belt-single-link\/"},"modified":"2025-01-24T12:50:42","modified_gmt":"2025-01-24T12:50:42","slug":"lynx-pas-enojni-clen","status":"publish","type":"product","link":"https:\/\/staging.nbg.eu\/sl\/izdelek\/lynx-pas-enojni-clen\/","title":{"rendered":"Lynx pas enojni \u010dlen"},"content":{"rendered":"<div class=\"product-description\">\n<h2>Lynx pas &#8211; posamezna povezava<\/h2>\n<p>Prilagodite svoj Lynx pas s posameznimi povezavami:<\/p>\n<ul>\n<li>Izbirate lahko med 5 barvami<\/li>\n<li>Oblikujte svoj pas, da se ujema z va\u0161o zastavo, strelskim klubom ali uniformo<\/li>\n<li>Kupite posamezne povezave v kateri koli barvi in koli\u010dini<\/li>\n<\/ul>\n<h3>Dimenzije:<\/h3>\n<ul>\n<li>Dol\u017eina: 33 mm (od zati\u010da do zati\u010da)<\/li>\n<li>Vi\u0161ina: 38,7 mm<\/li>\n<li>Debelina: 8,8 mm (na je\u017eku), 7 mm (brez je\u017eka)<\/li>\n<\/ul>\n<p>Lynx pas &#8211; posamezna povezava omogo\u010da prilagajanje pasu po va\u0161ih \u017eeljah.<\/p>\n<\/div>\n","protected":false},"excerpt":{"rendered":"<p>Prilagodljiva zapestna ura: 5 barv, kombinirajte in ustvarite edinstvene vzorce.<\/p>\n","protected":false},"featured_media":29157,"template":"","meta":{"_acf_changed":false},"product_brand":[11274],"product_cat":[13450,13453],"product_tag":[],"class_list":{"0":"post-44029","1":"product","2":"type-product","3":"status-publish","4":"has-post-thumbnail","6":"product_brand-doublealpha","7":"product_cat-oprema","8":"product_cat-sportni-pasovi","10":"first","11":"instock","12":"taxable","13":"shipping-taxable","14":"purchasable","15":"product-type-variable","16":"wvs-archive-product-wrapper"},"acf":[],"_links":{"self":[{"href":"https:\/\/staging.nbg.eu\/sl\/wp-json\/wp\/v2\/product\/44029","targetHints":{"allow":["GET"]}}],"collection":[{"href":"https:\/\/staging.nbg.eu\/sl\/wp-json\/wp\/v2\/product"}],"about":[{"href":"https:\/\/staging.nbg.eu\/sl\/wp-json\/wp\/v2\/types\/product"}],"wp:featuredmedia":[{"embeddable":true,"href":"https:\/\/staging.nbg.eu\/sl\/wp-json\/wp\/v2\/media\/29157"}],"wp:attachment":[{"href":"https:\/\/staging.nbg.eu\/sl\/wp-json\/wp\/v2\/media?parent=44029"}],"wp:term":[{"taxonomy":"product_brand","embeddable":true,"href":"https:\/\/staging.nbg.eu\/sl\/wp-json\/wp\/v2\/product_brand?post=44029"},{"taxonomy":"product_cat","embeddable":true,"href":"https:\/\/staging.nbg.eu\/sl\/wp-json\/wp\/v2\/product_cat?post=44029"},{"taxonomy":"product_tag","embeddable":true,"href":"https:\/\/staging.nbg.eu\/sl\/wp-json\/wp\/v2\/product_tag?post=44029"}],"curies":[{"name":"wp","href":"https:\/\/api.w.org\/{rel}","templated":true}]}}