{"id":43888,"date":"2024-08-18T19:43:56","date_gmt":"2024-09-09T15:35:16","guid":{"rendered":"https:\/\/staging.nbg.eu\/product\/alpha-xi-pouch-inlay\/"},"modified":"2024-09-09T15:36:15","modified_gmt":"2024-09-09T15:36:15","slug":"alpha-xi-vlozek-za-torbico","status":"publish","type":"product","link":"https:\/\/staging.nbg.eu\/sl\/izdelek\/alpha-xi-vlozek-za-torbico\/","title":{"rendered":"Alpha-Xi vlo\u017eek za torbico"},"content":{"rendered":"<div class=\"product-description\">\n<h2>Komplet vlo\u017ekov za torbico Alpha-Xi<\/h2>\n<p>Izbolj\u0161ajte svojo torbico Alpha-Xi z na\u0161im kompletom vlo\u017ekov po meri, ki so na voljo v barvi po va\u0161i izbiri. Ti natan\u010dno izrezani vlo\u017eki so zasnovani tako, da se brezhibno prilegajo vsem \u017eepom va\u0161ega ohi\u0161ja torbice Alpha-Xi.<\/p>\n<ul>\n<li>Popoln komplet za vse \u017eepe<\/li>\n<li>Enostavna namestitev s 3M lepilnim trakom na hrbtni strani<\/li>\n<li>Za\u0161\u010ditna folija na sprednji strani za odpornost proti praskam<\/li>\n<li>Odstranljivi (previdno) z uporabo dostopnih lukenj<\/li>\n<\/ul>\n<p>Namestitev je preprosta: izlomite kose, odstranite za\u0161\u010ditne folije in previdno namestite v ustrezne \u017eepe. Za najbolj\u0161e rezultate preizkusite prileganje pred odstranitvijo lepilnega traku. Opomba: Ne name\u0161\u010dajte v \u017eep, namenjen pritrditvi krogelnega zgloba.<\/p>\n<p><strong>Pozor:<\/strong> Vlo\u017eki se lahko med odstranjevanjem zlomijo. Bodite previdni pri prilagajanju va\u0161e torbice Alpha-Xi.<\/p>\n<\/div>\n","protected":false},"excerpt":{"rendered":"<p>Vlo\u017eki za torbo Alpha-Xi: Po meri izdelani vstavki za izbolj\u0161ano organizacijo.<\/p>\n","protected":false},"featured_media":37438,"template":"","meta":{"_acf_changed":false},"product_brand":[11274],"product_cat":[13470,13437,13450,13475],"product_tag":[],"class_list":{"0":"post-43888","1":"product","2":"type-product","3":"status-publish","4":"has-post-thumbnail","6":"product_brand-doublealpha","7":"product_cat-dodatki-za-toke","8":"product_cat-kabura","9":"product_cat-oprema","10":"product_cat-sportni-tok","12":"first","13":"instock","14":"taxable","15":"shipping-taxable","16":"purchasable","17":"product-type-variable","18":"wvs-archive-product-wrapper"},"acf":[],"_links":{"self":[{"href":"https:\/\/staging.nbg.eu\/sl\/wp-json\/wp\/v2\/product\/43888","targetHints":{"allow":["GET"]}}],"collection":[{"href":"https:\/\/staging.nbg.eu\/sl\/wp-json\/wp\/v2\/product"}],"about":[{"href":"https:\/\/staging.nbg.eu\/sl\/wp-json\/wp\/v2\/types\/product"}],"wp:featuredmedia":[{"embeddable":true,"href":"https:\/\/staging.nbg.eu\/sl\/wp-json\/wp\/v2\/media\/37438"}],"wp:attachment":[{"href":"https:\/\/staging.nbg.eu\/sl\/wp-json\/wp\/v2\/media?parent=43888"}],"wp:term":[{"taxonomy":"product_brand","embeddable":true,"href":"https:\/\/staging.nbg.eu\/sl\/wp-json\/wp\/v2\/product_brand?post=43888"},{"taxonomy":"product_cat","embeddable":true,"href":"https:\/\/staging.nbg.eu\/sl\/wp-json\/wp\/v2\/product_cat?post=43888"},{"taxonomy":"product_tag","embeddable":true,"href":"https:\/\/staging.nbg.eu\/sl\/wp-json\/wp\/v2\/product_tag?post=43888"}],"curies":[{"name":"wp","href":"https:\/\/api.w.org\/{rel}","templated":true}]}}