{"id":41592,"date":"2024-08-26T13:29:45","date_gmt":"2024-09-09T14:58:07","guid":{"rendered":"https:\/\/staging.nbg.eu\/product\/vanward-hunter-pro\/"},"modified":"2024-09-09T14:59:40","modified_gmt":"2024-09-09T14:59:40","slug":"vanward-hunter-pro","status":"publish","type":"product","link":"https:\/\/staging.nbg.eu\/sl\/izdelek\/vanward-hunter-pro\/","title":{"rendered":"Vanward Hunter PRO"},"content":{"rendered":"<div class=\"product-description\">\n<h2>Vanward Hunter PRO<\/h2>\n<p>Do\u017eivite vrhunsko zmogljivost pod 300 grami z du\u0161ilcem Vanward Hunter PRO. Z optimizirano razporeditvijo pregrad za izbolj\u0161ano izena\u010devanje tlaka in robustno \u0161estkotno zunanjo zasnovo ta du\u0161ilec ponuja izbolj\u0161ano varnost, trdnost in u\u010dinkovitost hlajenja.<\/p>\n<h2>Klju\u010dne lastnosti:<\/h2>\n<ul>\n<li>3D natisnjen v enem kosu iz titana razreda 5 za najve\u010djo varnost in zmogljivost<\/li>\n<li>Izjemno trpe\u017een in odporen proti koroziji<\/li>\n<li>Zamenljivi navojni vlo\u017eki iz nerjave\u010dega jekla<\/li>\n<li>POM obro\u010d za optimalen odmik od cevi<\/li>\n<li>Na voljo v ve\u010d tipih navojev: 1\/2*28&#8243;, 5\/8&#215;24&#8243; M14x1, M14x1.5, M15x1, M16x1, M18x1<\/li>\n<\/ul>\n<h2>Specifikacije:<\/h2>\n<ul>\n<li>Premer: 48mm<\/li>\n<li>Dol\u017eina: 220mm<\/li>\n<li>Te\u017ea: 295 gramov*<\/li>\n<\/ul>\n<p>Inovativna zasnova in vrhunski materiali Vanward Hunter PRO ga naredijo za popolno izbiro za zahtevne lovce in navdu\u0161ence nad streljanjem, ki zahtevajo najbolj\u0161e v tehnologiji du\u0161ilcev.<\/p>\n<\/div>\n","protected":false},"excerpt":{"rendered":"<p>Ultralahek titanov du\u0161ilec z optimizirano zmogljivostjo.<\/p>\n","protected":false},"featured_media":102165,"template":"","meta":{"_acf_changed":false},"product_brand":[11948],"product_cat":[13418,13436,13483],"product_tag":[],"class_list":{"0":"post-41592","1":"product","2":"type-product","3":"status-publish","4":"has-post-thumbnail","6":"product_brand-vanward","7":"product_cat-dusilci","8":"product_cat-dusilci-za-puske","9":"product_cat-puska","11":"first","12":"instock","13":"taxable","14":"shipping-taxable","15":"purchasable","16":"product-type-variable","17":"wvs-archive-product-wrapper"},"acf":[],"_links":{"self":[{"href":"https:\/\/staging.nbg.eu\/sl\/wp-json\/wp\/v2\/product\/41592","targetHints":{"allow":["GET"]}}],"collection":[{"href":"https:\/\/staging.nbg.eu\/sl\/wp-json\/wp\/v2\/product"}],"about":[{"href":"https:\/\/staging.nbg.eu\/sl\/wp-json\/wp\/v2\/types\/product"}],"wp:featuredmedia":[{"embeddable":true,"href":"https:\/\/staging.nbg.eu\/sl\/wp-json\/wp\/v2\/media\/102165"}],"wp:attachment":[{"href":"https:\/\/staging.nbg.eu\/sl\/wp-json\/wp\/v2\/media?parent=41592"}],"wp:term":[{"taxonomy":"product_brand","embeddable":true,"href":"https:\/\/staging.nbg.eu\/sl\/wp-json\/wp\/v2\/product_brand?post=41592"},{"taxonomy":"product_cat","embeddable":true,"href":"https:\/\/staging.nbg.eu\/sl\/wp-json\/wp\/v2\/product_cat?post=41592"},{"taxonomy":"product_tag","embeddable":true,"href":"https:\/\/staging.nbg.eu\/sl\/wp-json\/wp\/v2\/product_tag?post=41592"}],"curies":[{"name":"wp","href":"https:\/\/api.w.org\/{rel}","templated":true}]}}