{"id":414892,"date":"2025-07-03T13:22:13","date_gmt":"2025-07-03T10:22:13","guid":{"rendered":"https:\/\/staging.nbg.eu\/product\/grip-kmr-l-dotmatrix-ergo-orange\/"},"modified":"2025-07-03T13:23:44","modified_gmt":"2025-07-03T10:23:44","slug":"rocaj-kmr-l-dotmatrix-ergo-oranzni","status":"publish","type":"product","link":"https:\/\/staging.nbg.eu\/sl\/izdelek\/rocaj-kmr-l-dotmatrix-ergo-oranzni\/","title":{"rendered":"Ro\u010daj KMR L DOTMATRIX ERGO ORAN\u017dNI"},"content":{"rendered":"<div class=\"product-description\">\n<h2>Ro\u010daj KMR L DOTMATRIX ERGO ORAN\u017dNI<\/h2>\n<p>KMR Precision Arms DOTMATRIX ERGO ro\u010daj. Ta aluminijasti ro\u010daj polne velikosti vklju\u010duje:<\/p>\n<ul>\n<li>Ergonomski profil dlani za bolj\u0161e udobje<\/li>\n<li>Oran\u017ena barva za vidljivost<\/li>\n<li>Zasnovan brez magwell za ve\u010djo uporabnost<\/li>\n<li>Natan\u010dno izdelan za optimalno delovanje<\/li>\n<\/ul>\n<p>Referenca: 0611-04001-0105<\/p>\n<\/div>\n","protected":false},"excerpt":{"rendered":"<p>Ergonomska aluminijasta ro\u010daja z izbo\u010denim delom za dlan za pi\u0161tole KMR.<\/p>\n","protected":false},"featured_media":359483,"template":"","meta":{"_acf_changed":false},"product_brand":[11509],"product_cat":[13484,13435],"product_tag":[],"class_list":{"0":"post-414892","1":"product","2":"type-product","3":"status-publish","4":"has-post-thumbnail","6":"product_brand-kmr-precision","7":"product_cat-deli-za-pistole","8":"product_cat-kmr-deli","10":"first","11":"instock","12":"taxable","13":"shipping-taxable","14":"purchasable","15":"product-type-simple"},"acf":[],"_links":{"self":[{"href":"https:\/\/staging.nbg.eu\/sl\/wp-json\/wp\/v2\/product\/414892","targetHints":{"allow":["GET"]}}],"collection":[{"href":"https:\/\/staging.nbg.eu\/sl\/wp-json\/wp\/v2\/product"}],"about":[{"href":"https:\/\/staging.nbg.eu\/sl\/wp-json\/wp\/v2\/types\/product"}],"wp:featuredmedia":[{"embeddable":true,"href":"https:\/\/staging.nbg.eu\/sl\/wp-json\/wp\/v2\/media\/359483"}],"wp:attachment":[{"href":"https:\/\/staging.nbg.eu\/sl\/wp-json\/wp\/v2\/media?parent=414892"}],"wp:term":[{"taxonomy":"product_brand","embeddable":true,"href":"https:\/\/staging.nbg.eu\/sl\/wp-json\/wp\/v2\/product_brand?post=414892"},{"taxonomy":"product_cat","embeddable":true,"href":"https:\/\/staging.nbg.eu\/sl\/wp-json\/wp\/v2\/product_cat?post=414892"},{"taxonomy":"product_tag","embeddable":true,"href":"https:\/\/staging.nbg.eu\/sl\/wp-json\/wp\/v2\/product_tag?post=414892"}],"curies":[{"name":"wp","href":"https:\/\/api.w.org\/{rel}","templated":true}]}}