{"id":414785,"date":"2025-05-14T22:52:38","date_gmt":"2025-05-14T19:52:38","guid":{"rendered":"https:\/\/staging.nbg.eu\/product\/grip-kmr-s-dotmatrix-ergo-black\/"},"modified":"2025-07-03T13:18:48","modified_gmt":"2025-07-03T10:18:48","slug":"rocaj-kmr-s-dotmatrix-ergo-crni","status":"publish","type":"product","link":"https:\/\/staging.nbg.eu\/sl\/izdelek\/rocaj-kmr-s-dotmatrix-ergo-crni\/","title":{"rendered":"Ro\u010daj KMR S DOTMATRIX ERGO \u010cRNI"},"content":{"rendered":"<div class=\"product-description\">\n<h2>Ro\u010daj KMR S DOTMATRIX ERGO \u010cRNI<\/h2>\n<p>Ro\u010daji iz duraluminija z vzorcem golfske \u017eogice za bolj\u0161i oprijem. Primerni za nadgradnjo obstoje\u010dih pi\u0161tol ali oblikovanje tekmovalnih strelnih oro\u017eij. Zdru\u017eljivi s KMR S-01 LANCE (OR), KMR S-02 (do 2023) in izbranimi modeli CZ, vklju\u010dno s Shadow 1, Shadow 2 in SP-01.<\/p>\n<p>Referenca: 0611-03001-0101<\/p>\n<p>Znamka: KMR Precision Arms<\/p>\n<\/div>\n","protected":false},"excerpt":{"rendered":"<p>Ergonomska dr\u017eala iz duraluminija z vzorcem golfske \u017eogice za varen oprijem. Primerna za pi\u0161tole KMR in CZ.<\/p>\n","protected":false},"featured_media":359506,"template":"","meta":{"_acf_changed":false},"product_brand":[11509],"product_cat":[13484,13435],"product_tag":[],"class_list":{"0":"post-414785","1":"product","2":"type-product","3":"status-publish","4":"has-post-thumbnail","6":"product_brand-kmr-precision","7":"product_cat-deli-za-pistole","8":"product_cat-kmr-deli","10":"first","11":"instock","12":"taxable","13":"shipping-taxable","14":"purchasable","15":"product-type-simple"},"acf":[],"_links":{"self":[{"href":"https:\/\/staging.nbg.eu\/sl\/wp-json\/wp\/v2\/product\/414785","targetHints":{"allow":["GET"]}}],"collection":[{"href":"https:\/\/staging.nbg.eu\/sl\/wp-json\/wp\/v2\/product"}],"about":[{"href":"https:\/\/staging.nbg.eu\/sl\/wp-json\/wp\/v2\/types\/product"}],"wp:featuredmedia":[{"embeddable":true,"href":"https:\/\/staging.nbg.eu\/sl\/wp-json\/wp\/v2\/media\/359506"}],"wp:attachment":[{"href":"https:\/\/staging.nbg.eu\/sl\/wp-json\/wp\/v2\/media?parent=414785"}],"wp:term":[{"taxonomy":"product_brand","embeddable":true,"href":"https:\/\/staging.nbg.eu\/sl\/wp-json\/wp\/v2\/product_brand?post=414785"},{"taxonomy":"product_cat","embeddable":true,"href":"https:\/\/staging.nbg.eu\/sl\/wp-json\/wp\/v2\/product_cat?post=414785"},{"taxonomy":"product_tag","embeddable":true,"href":"https:\/\/staging.nbg.eu\/sl\/wp-json\/wp\/v2\/product_tag?post=414785"}],"curies":[{"name":"wp","href":"https:\/\/api.w.org\/{rel}","templated":true}]}}