{"id":414646,"date":"2025-07-03T12:34:57","date_gmt":"2025-07-03T09:34:57","guid":{"rendered":"https:\/\/staging.nbg.eu\/product\/grips-kmr-w-dotmatrix-black\/"},"modified":"2025-07-03T12:36:40","modified_gmt":"2025-07-03T09:36:40","slug":"rocaji-kmr-w-dotmatrix-crni","status":"publish","type":"product","link":"https:\/\/staging.nbg.eu\/sl\/izdelek\/rocaji-kmr-w-dotmatrix-crni\/","title":{"rendered":"RO\u010cAJI KMR W DOTMATRIX \u010cRNI"},"content":{"rendered":"<div class=\"product-description\">\n<h2>RO\u010cAJI KMR W DOTMATRIX \u010cRNI<\/h2>\n<p>Ro\u010daji iz duraluminija za pi\u0161tolo KMR. Vzorec povr\u0161ine omogo\u010da dober oprijem. Primerni za nadgradnjo obstoje\u010dih pi\u0161tol ali za tekmovalne pi\u0161tole. Lastnosti:<\/p>\n<ul>\n<li>Dolga velikost<\/li>\n<li>Anodiziran duraluminij<\/li>\n<li>Brez vodila za nabojnik<\/li>\n<li>Vklju\u010deni torx vijaki<\/li>\n<li>KMR logotip<\/li>\n<\/ul>\n<p>Zdru\u017eljivi z modeli KMR W-02 CUDA (do 2023), UMBRA in UMBRA (OR).<\/p>\n<\/div>\n","protected":false},"excerpt":{"rendered":"<p>Trpe\u017eni duraluminijasti ro\u010daji s teksturo golfske \u017eogice za pi\u0161tole KMR.<\/p>\n","protected":false},"featured_media":359345,"template":"","meta":{"_acf_changed":false},"product_brand":[11509],"product_cat":[13484,13435],"product_tag":[],"class_list":{"0":"post-414646","1":"product","2":"type-product","3":"status-publish","4":"has-post-thumbnail","6":"product_brand-kmr-precision","7":"product_cat-deli-za-pistole","8":"product_cat-kmr-deli","10":"first","11":"instock","12":"taxable","13":"shipping-taxable","14":"purchasable","15":"product-type-simple"},"acf":[],"_links":{"self":[{"href":"https:\/\/staging.nbg.eu\/sl\/wp-json\/wp\/v2\/product\/414646","targetHints":{"allow":["GET"]}}],"collection":[{"href":"https:\/\/staging.nbg.eu\/sl\/wp-json\/wp\/v2\/product"}],"about":[{"href":"https:\/\/staging.nbg.eu\/sl\/wp-json\/wp\/v2\/types\/product"}],"wp:featuredmedia":[{"embeddable":true,"href":"https:\/\/staging.nbg.eu\/sl\/wp-json\/wp\/v2\/media\/359345"}],"wp:attachment":[{"href":"https:\/\/staging.nbg.eu\/sl\/wp-json\/wp\/v2\/media?parent=414646"}],"wp:term":[{"taxonomy":"product_brand","embeddable":true,"href":"https:\/\/staging.nbg.eu\/sl\/wp-json\/wp\/v2\/product_brand?post=414646"},{"taxonomy":"product_cat","embeddable":true,"href":"https:\/\/staging.nbg.eu\/sl\/wp-json\/wp\/v2\/product_cat?post=414646"},{"taxonomy":"product_tag","embeddable":true,"href":"https:\/\/staging.nbg.eu\/sl\/wp-json\/wp\/v2\/product_tag?post=414646"}],"curies":[{"name":"wp","href":"https:\/\/api.w.org\/{rel}","templated":true}]}}