{"id":414531,"date":"2025-07-03T12:09:45","date_gmt":"2025-07-03T09:09:45","guid":{"rendered":"https:\/\/staging.nbg.eu\/product\/grips-kmr-w-dotmatrix-ergo-black\/"},"modified":"2025-07-03T12:11:28","modified_gmt":"2025-07-03T09:11:28","slug":"rocaji-kmr-w-dotmatrix-ergo-crni","status":"publish","type":"product","link":"https:\/\/staging.nbg.eu\/sl\/izdelek\/rocaji-kmr-w-dotmatrix-ergo-crni\/","title":{"rendered":"RO\u010cAJI KMR W DOTMATRIX ERGO \u010cRNI"},"content":{"rendered":"<div class=\"product-description\">\n<h2>RO\u010cAJI KMR W DOTMATRIX ERGO \u010cRNI<\/h2>\n<p>Ro\u010daji iz duraluminija za pi\u0161tolo KMR z vzorcem za bolj\u0161i oprijem. Primerni za nadgradnje ali tekmovalne konfiguracije. Zdru\u017eljivi z modeli KMR W-02 CUDA (do 2023), UMBRA in UMBRA (OR).<\/p>\n<p><strong>Referenca:<\/strong> 0611-03305-0101<\/p>\n<p><strong>Znamka:<\/strong> KMR Precision Arms<\/p>\n<\/div>\n","protected":false},"excerpt":{"rendered":"<p>Trpe\u017eni ro\u010daji z vzorcem golfske \u017eogice za pi\u0161tole KMR.<\/p>\n","protected":false},"featured_media":359368,"template":"","meta":{"_acf_changed":false},"product_brand":[11509],"product_cat":[13484,13435],"product_tag":[],"class_list":{"0":"post-414531","1":"product","2":"type-product","3":"status-publish","4":"has-post-thumbnail","6":"product_brand-kmr-precision","7":"product_cat-deli-za-pistole","8":"product_cat-kmr-deli","10":"first","11":"instock","12":"taxable","13":"shipping-taxable","14":"purchasable","15":"product-type-simple"},"acf":[],"_links":{"self":[{"href":"https:\/\/staging.nbg.eu\/sl\/wp-json\/wp\/v2\/product\/414531","targetHints":{"allow":["GET"]}}],"collection":[{"href":"https:\/\/staging.nbg.eu\/sl\/wp-json\/wp\/v2\/product"}],"about":[{"href":"https:\/\/staging.nbg.eu\/sl\/wp-json\/wp\/v2\/types\/product"}],"wp:featuredmedia":[{"embeddable":true,"href":"https:\/\/staging.nbg.eu\/sl\/wp-json\/wp\/v2\/media\/359368"}],"wp:attachment":[{"href":"https:\/\/staging.nbg.eu\/sl\/wp-json\/wp\/v2\/media?parent=414531"}],"wp:term":[{"taxonomy":"product_brand","embeddable":true,"href":"https:\/\/staging.nbg.eu\/sl\/wp-json\/wp\/v2\/product_brand?post=414531"},{"taxonomy":"product_cat","embeddable":true,"href":"https:\/\/staging.nbg.eu\/sl\/wp-json\/wp\/v2\/product_cat?post=414531"},{"taxonomy":"product_tag","embeddable":true,"href":"https:\/\/staging.nbg.eu\/sl\/wp-json\/wp\/v2\/product_tag?post=414531"}],"curies":[{"name":"wp","href":"https:\/\/api.w.org\/{rel}","templated":true}]}}