{"id":411789,"date":"2025-05-14T22:52:01","date_gmt":"2025-05-14T19:52:01","guid":{"rendered":"https:\/\/staging.nbg.eu\/product\/grips-kmr-w-dotmatrix-ergo-red\/"},"modified":"2025-07-01T17:35:51","modified_gmt":"2025-07-01T14:35:51","slug":"rocaji-kmr-w-dotmatrix-ergo-rdeci","status":"publish","type":"product","link":"https:\/\/staging.nbg.eu\/sl\/izdelek\/rocaji-kmr-w-dotmatrix-ergo-rdeci\/","title":{"rendered":"RO\u010cAJI KMR W DOTMATRIX ERGO RDE\u010cI"},"content":{"rendered":"<div class=\"product-description\">\n<h2>RO\u010cAJI KMR W DOTMATRIX ERGO RDE\u010cI<\/h2>\n<p>Ro\u010daji iz duraluminija za pi\u0161tolo KMR z vzorcem golfske \u017eogice za bolj\u0161i oprijem. Primerni za tekmovanja ali nadgradnjo obstoje\u010dega oro\u017eja. Zasnovani za modele KMR W-02 CUDA (do 2023), UMBRA in UMBRA (OR).<\/p>\n<ul>\n<li>Referenca: 0611-03305-0101<\/li>\n<li>Znamka: KMR Precision Arms<\/li>\n<li>Material: Duraluminij<\/li>\n<\/ul>\n<\/div>\n","protected":false},"excerpt":{"rendered":"<p>Trpe\u017eni, ergonomski ro\u010daji za pi\u0161tole KMR. Zanesljiv oprijem.<\/p>\n","protected":false},"featured_media":359414,"template":"","meta":{"_acf_changed":false},"product_brand":[11509],"product_cat":[13484,13435],"product_tag":[],"class_list":{"0":"post-411789","1":"product","2":"type-product","3":"status-publish","4":"has-post-thumbnail","6":"product_brand-kmr-precision","7":"product_cat-deli-za-pistole","8":"product_cat-kmr-deli","10":"first","11":"outofstock","12":"taxable","13":"shipping-taxable","14":"purchasable","15":"product-type-simple"},"acf":[],"_links":{"self":[{"href":"https:\/\/staging.nbg.eu\/sl\/wp-json\/wp\/v2\/product\/411789","targetHints":{"allow":["GET"]}}],"collection":[{"href":"https:\/\/staging.nbg.eu\/sl\/wp-json\/wp\/v2\/product"}],"about":[{"href":"https:\/\/staging.nbg.eu\/sl\/wp-json\/wp\/v2\/types\/product"}],"wp:featuredmedia":[{"embeddable":true,"href":"https:\/\/staging.nbg.eu\/sl\/wp-json\/wp\/v2\/media\/359414"}],"wp:attachment":[{"href":"https:\/\/staging.nbg.eu\/sl\/wp-json\/wp\/v2\/media?parent=411789"}],"wp:term":[{"taxonomy":"product_brand","embeddable":true,"href":"https:\/\/staging.nbg.eu\/sl\/wp-json\/wp\/v2\/product_brand?post=411789"},{"taxonomy":"product_cat","embeddable":true,"href":"https:\/\/staging.nbg.eu\/sl\/wp-json\/wp\/v2\/product_cat?post=411789"},{"taxonomy":"product_tag","embeddable":true,"href":"https:\/\/staging.nbg.eu\/sl\/wp-json\/wp\/v2\/product_tag?post=411789"}],"curies":[{"name":"wp","href":"https:\/\/api.w.org\/{rel}","templated":true}]}}