{"id":411679,"date":"2025-07-01T17:26:10","date_gmt":"2025-07-01T14:26:10","guid":{"rendered":"https:\/\/staging.nbg.eu\/product\/grips-kmr-w-dotmatrix-ergo-silver\/"},"modified":"2025-07-01T17:27:51","modified_gmt":"2025-07-01T14:27:51","slug":"rocaji-kmr-w-dotmatrix-ergo-srebrni","status":"publish","type":"product","link":"https:\/\/staging.nbg.eu\/sl\/izdelek\/rocaji-kmr-w-dotmatrix-ergo-srebrni\/","title":{"rendered":"RO\u010cAJI KMR W DOTMATRIX ERGO SREBRNI"},"content":{"rendered":"<div class=\"product-description\">\n<h2>RO\u010cAJI KMR W DOTMATRIX ERGO SREBRNI<\/h2>\n<p>Opremite va\u0161o KMR pi\u0161tolo s temi ro\u010daji iz duraluminija. Vzorec golf \u017eogice zagotavlja dober oprijem. Primerni so za nadgradnje ali tekmovalne sestave.<\/p>\n<ul>\n<li>Referenca: 0611-03305-0101<\/li>\n<li>Znamka: KMR Precision Arms<\/li>\n<li>Zdru\u017eljivo z: KMR W-02 CUDA, UMBRA in UMBRA (OR) modeli<\/li>\n<\/ul>\n<\/div>\n","protected":false},"excerpt":{"rendered":"<p>Ergonomi\u010dna dr\u017eala iz duraluminija z vzorcem golfske \u017eogice za pi\u0161tole KMR. Zanesljiv oprijem v vseh situacijah.<\/p>\n","protected":false},"featured_media":359437,"template":"","meta":{"_acf_changed":false},"product_brand":[11509],"product_cat":[13484,13435],"product_tag":[],"class_list":{"0":"post-411679","1":"product","2":"type-product","3":"status-publish","4":"has-post-thumbnail","6":"product_brand-kmr-precision","7":"product_cat-deli-za-pistole","8":"product_cat-kmr-deli","10":"first","11":"instock","12":"taxable","13":"shipping-taxable","14":"purchasable","15":"product-type-simple"},"acf":[],"_links":{"self":[{"href":"https:\/\/staging.nbg.eu\/sl\/wp-json\/wp\/v2\/product\/411679","targetHints":{"allow":["GET"]}}],"collection":[{"href":"https:\/\/staging.nbg.eu\/sl\/wp-json\/wp\/v2\/product"}],"about":[{"href":"https:\/\/staging.nbg.eu\/sl\/wp-json\/wp\/v2\/types\/product"}],"wp:featuredmedia":[{"embeddable":true,"href":"https:\/\/staging.nbg.eu\/sl\/wp-json\/wp\/v2\/media\/359437"}],"wp:attachment":[{"href":"https:\/\/staging.nbg.eu\/sl\/wp-json\/wp\/v2\/media?parent=411679"}],"wp:term":[{"taxonomy":"product_brand","embeddable":true,"href":"https:\/\/staging.nbg.eu\/sl\/wp-json\/wp\/v2\/product_brand?post=411679"},{"taxonomy":"product_cat","embeddable":true,"href":"https:\/\/staging.nbg.eu\/sl\/wp-json\/wp\/v2\/product_cat?post=411679"},{"taxonomy":"product_tag","embeddable":true,"href":"https:\/\/staging.nbg.eu\/sl\/wp-json\/wp\/v2\/product_tag?post=411679"}],"curies":[{"name":"wp","href":"https:\/\/api.w.org\/{rel}","templated":true}]}}