{"id":411569,"date":"2025-07-01T17:18:57","date_gmt":"2025-07-01T14:18:57","guid":{"rendered":"https:\/\/staging.nbg.eu\/product\/grips-kmr-w-dotmatrix-silver\/"},"modified":"2025-07-01T17:20:36","modified_gmt":"2025-07-01T14:20:36","slug":"rocaji-kmr-w-dotmatrix-srebrni","status":"publish","type":"product","link":"https:\/\/staging.nbg.eu\/sl\/izdelek\/rocaji-kmr-w-dotmatrix-srebrni\/","title":{"rendered":"RO\u010cAJI KMR W DOTMATRIX SREBRNI"},"content":{"rendered":"<div class=\"product-description\">\n<h2>RO\u010cAJI KMR W DOTMATRIX SREBRNI<\/h2>\n<p>Ro\u010daji iz duraluminija za pi\u0161tolo KMR. Vzorec teksture omogo\u010da dober oprijem. Primerni za nadgradnjo obstoje\u010dega oro\u017eja ali za tekmovalno pi\u0161tolo. Zdru\u017eljivi z modeli KMR W-02 CUDA (do 2023), UMBRA in UMBRA (OR).<\/p>\n<ul>\n<li>Referenca: 0611-03301-0102<\/li>\n<li>Znamka: KMR Precision Arms<\/li>\n<li>Material: Duraluminij<\/li>\n<\/ul>\n<\/div>\n","protected":false},"excerpt":{"rendered":"<p>Teksturirani ro\u010daji iz duraluminija za pi\u0161tole KMR. Vzorec golfske \u017eogice zagotavlja varen oprijem v vseh situacijah.<\/p>\n","protected":false},"featured_media":359460,"template":"","meta":{"_acf_changed":false},"product_brand":[11509],"product_cat":[13484,13435],"product_tag":[],"class_list":{"0":"post-411569","1":"product","2":"type-product","3":"status-publish","4":"has-post-thumbnail","6":"product_brand-kmr-precision","7":"product_cat-deli-za-pistole","8":"product_cat-kmr-deli","10":"first","11":"instock","12":"taxable","13":"shipping-taxable","14":"purchasable","15":"product-type-simple"},"acf":[],"_links":{"self":[{"href":"https:\/\/staging.nbg.eu\/sl\/wp-json\/wp\/v2\/product\/411569","targetHints":{"allow":["GET"]}}],"collection":[{"href":"https:\/\/staging.nbg.eu\/sl\/wp-json\/wp\/v2\/product"}],"about":[{"href":"https:\/\/staging.nbg.eu\/sl\/wp-json\/wp\/v2\/types\/product"}],"wp:featuredmedia":[{"embeddable":true,"href":"https:\/\/staging.nbg.eu\/sl\/wp-json\/wp\/v2\/media\/359460"}],"wp:attachment":[{"href":"https:\/\/staging.nbg.eu\/sl\/wp-json\/wp\/v2\/media?parent=411569"}],"wp:term":[{"taxonomy":"product_brand","embeddable":true,"href":"https:\/\/staging.nbg.eu\/sl\/wp-json\/wp\/v2\/product_brand?post=411569"},{"taxonomy":"product_cat","embeddable":true,"href":"https:\/\/staging.nbg.eu\/sl\/wp-json\/wp\/v2\/product_cat?post=411569"},{"taxonomy":"product_tag","embeddable":true,"href":"https:\/\/staging.nbg.eu\/sl\/wp-json\/wp\/v2\/product_tag?post=411569"}],"curies":[{"name":"wp","href":"https:\/\/api.w.org\/{rel}","templated":true}]}}