{"id":411461,"date":"2025-07-01T17:11:07","date_gmt":"2025-07-01T14:11:07","guid":{"rendered":"https:\/\/staging.nbg.eu\/product\/grips-kmr-w-modular-sandpaper-black\/"},"modified":"2025-07-01T17:12:49","modified_gmt":"2025-07-01T14:12:49","slug":"rocaji-kmr-w-modular-sandpaper-crni","status":"publish","type":"product","link":"https:\/\/staging.nbg.eu\/sl\/izdelek\/rocaji-kmr-w-modular-sandpaper-crni\/","title":{"rendered":"RO\u010cAJI KMR W MODULAR SANDPAPER \u010cRNI"},"content":{"rendered":"<h2>RO\u010cAJ KMR W MODULARNI BRUSNI PAPIR \u010cRNI<\/h2>\n<p>KMR W Modularni brusni papir \u010drni je ro\u010daj za strelno oro\u017eje. Ta dolgi ro\u010daj iz anodiziranega duraluminija omogo\u010da nadzor in udobje brez vodila za nabojnik. Ima logotip KMR in modularno zasnovo za prilagajanje. Namestitev je enostavna z prilo\u017eenimi torx vijaki.<\/p>\n<ul>\n<li>Velikost: Dolga<\/li>\n<li>Material: Anodiziran duraluminij<\/li>\n<li>Uporaba: Brez vodila za nabojnik<\/li>\n<li>Vklju\u010deno: Torx vijaki<\/li>\n<li>Logotip: KMR<\/li>\n<\/ul>\n<p><strong>Referenca:<\/strong> 0611-03304-0101<\/p>\n","protected":false},"excerpt":{"rendered":"<p>Dolg, trpe\u017een anodiziran duraluminijast ro\u010daj.<\/p>\n","protected":false},"featured_media":359281,"template":"","meta":{"_acf_changed":false},"product_brand":[11509],"product_cat":[13484,13435],"product_tag":[],"class_list":{"0":"post-411461","1":"product","2":"type-product","3":"status-publish","4":"has-post-thumbnail","6":"product_brand-kmr-precision","7":"product_cat-deli-za-pistole","8":"product_cat-kmr-deli","10":"first","11":"instock","12":"taxable","13":"shipping-taxable","14":"purchasable","15":"product-type-simple"},"acf":[],"_links":{"self":[{"href":"https:\/\/staging.nbg.eu\/sl\/wp-json\/wp\/v2\/product\/411461","targetHints":{"allow":["GET"]}}],"collection":[{"href":"https:\/\/staging.nbg.eu\/sl\/wp-json\/wp\/v2\/product"}],"about":[{"href":"https:\/\/staging.nbg.eu\/sl\/wp-json\/wp\/v2\/types\/product"}],"wp:featuredmedia":[{"embeddable":true,"href":"https:\/\/staging.nbg.eu\/sl\/wp-json\/wp\/v2\/media\/359281"}],"wp:attachment":[{"href":"https:\/\/staging.nbg.eu\/sl\/wp-json\/wp\/v2\/media?parent=411461"}],"wp:term":[{"taxonomy":"product_brand","embeddable":true,"href":"https:\/\/staging.nbg.eu\/sl\/wp-json\/wp\/v2\/product_brand?post=411461"},{"taxonomy":"product_cat","embeddable":true,"href":"https:\/\/staging.nbg.eu\/sl\/wp-json\/wp\/v2\/product_cat?post=411461"},{"taxonomy":"product_tag","embeddable":true,"href":"https:\/\/staging.nbg.eu\/sl\/wp-json\/wp\/v2\/product_tag?post=411461"}],"curies":[{"name":"wp","href":"https:\/\/api.w.org\/{rel}","templated":true}]}}