{"id":411352,"date":"2025-07-01T17:02:00","date_gmt":"2025-07-01T14:02:00","guid":{"rendered":"https:\/\/staging.nbg.eu\/product\/grips-kmr-w-modular-sandpaper-titan\/"},"modified":"2025-07-01T17:03:41","modified_gmt":"2025-07-01T14:03:41","slug":"rocaji-kmr-w-modular-sandpaper-titan","status":"publish","type":"product","link":"https:\/\/staging.nbg.eu\/sl\/izdelek\/rocaji-kmr-w-modular-sandpaper-titan\/","title":{"rendered":"RO\u010cAJI KMR W MODULAR SANDPAPER TITAN"},"content":{"rendered":"<h2>RO\u010cAJ KMR W MODULARNI BRUSNI PAPIR TITAN<\/h2>\n<p>Izbolj\u0161ajte oprijem va\u0161ega strelnega oro\u017eja z RO\u010cAJEM KMR W MODULARNI BRUSNI PAPIR TITAN. Ta dolg ro\u010daj je izdelan iz anodiziranega duraluminija za ve\u010djo trdnost in trajnost. Zasnovan je za uporabo brez vodila za nabojnik in omogo\u010da prilagodljiv oprijem za bolj\u0161i nadzor in natan\u010dnost. Paket vklju\u010duje torx vijake za enostavno namestitev. Ro\u010daj ima logotip KMR in zdru\u017euje obliko in funkcionalnost.<\/p>\n<p><strong>Referenca:<\/strong> 0611-03304-0101<\/p>\n","protected":false},"excerpt":{"rendered":"<p>Dolg, trpe\u017een ro\u010daj KMR. Eloksiran duraluminij.<\/p>\n","protected":false},"featured_media":359305,"template":"","meta":{"_acf_changed":false},"product_brand":[11509],"product_cat":[13484,13435],"product_tag":[],"class_list":{"0":"post-411352","1":"product","2":"type-product","3":"status-publish","4":"has-post-thumbnail","6":"product_brand-kmr-precision","7":"product_cat-deli-za-pistole","8":"product_cat-kmr-deli","10":"first","11":"instock","12":"taxable","13":"shipping-taxable","14":"purchasable","15":"product-type-simple"},"acf":[],"_links":{"self":[{"href":"https:\/\/staging.nbg.eu\/sl\/wp-json\/wp\/v2\/product\/411352","targetHints":{"allow":["GET"]}}],"collection":[{"href":"https:\/\/staging.nbg.eu\/sl\/wp-json\/wp\/v2\/product"}],"about":[{"href":"https:\/\/staging.nbg.eu\/sl\/wp-json\/wp\/v2\/types\/product"}],"wp:featuredmedia":[{"embeddable":true,"href":"https:\/\/staging.nbg.eu\/sl\/wp-json\/wp\/v2\/media\/359305"}],"wp:attachment":[{"href":"https:\/\/staging.nbg.eu\/sl\/wp-json\/wp\/v2\/media?parent=411352"}],"wp:term":[{"taxonomy":"product_brand","embeddable":true,"href":"https:\/\/staging.nbg.eu\/sl\/wp-json\/wp\/v2\/product_brand?post=411352"},{"taxonomy":"product_cat","embeddable":true,"href":"https:\/\/staging.nbg.eu\/sl\/wp-json\/wp\/v2\/product_cat?post=411352"},{"taxonomy":"product_tag","embeddable":true,"href":"https:\/\/staging.nbg.eu\/sl\/wp-json\/wp\/v2\/product_tag?post=411352"}],"curies":[{"name":"wp","href":"https:\/\/api.w.org\/{rel}","templated":true}]}}