{"id":411076,"date":"2025-07-01T16:47:31","date_gmt":"2025-07-01T13:47:31","guid":{"rendered":"https:\/\/staging.nbg.eu\/product\/surefire-ep7-bk-mpr-bulk-ear-plugs\/"},"modified":"2025-07-01T16:49:16","modified_gmt":"2025-07-01T13:49:16","slug":"surefire-ep7-bk-mpr-bulk-usesni-cepki","status":"publish","type":"product","link":"https:\/\/staging.nbg.eu\/sl\/izdelek\/surefire-ep7-bk-mpr-bulk-usesni-cepki\/","title":{"rendered":"Surefire EP7-BK-MPR-BULK U\u0161esni \u010cepki"},"content":{"rendered":"<div class=\"product-description\">\n<h2>\u010cepki za u\u0161esa Surefire EP7-BK-MPR-BULK<\/h2>\n<h2>Za\u0161\u010dita sluha<\/h2>\n<p>\u010cepki za u\u0161esa Surefire EP7 Sonic Defenders Ultra nudijo za\u0161\u010dito sluha brez zmanj\u0161anja sposobnosti sli\u0161anja pomembnih zvokov. Z oceno zmanj\u0161anja hrupa (NRR) 28 dB ti \u010depki u\u010dinkovito \u0161\u010ditijo pred izgubo sluha zaradi hrupa (NIHL).<\/p>\n<h3>Klju\u010dne lastnosti:<\/h3>\n<ul>\n<li>Patentiran dizajn s konicami iz mehke pene Comply\u2122<\/li>\n<li>28 dB ocena zmanj\u0161anja hrupa (NRR) z vstavljenimi filtrskimi pokrov\u010dki<\/li>\n<li>Omogo\u010da prehod varnih ravni zvoka in zmanj\u0161uje \u0161kodljive zvoke nad 85 dB<\/li>\n<li>EarLock\u00ae obro\u010dki za zadr\u017eevanje s sedmimi sti\u010dnimi to\u010dkami za varno prileganje<\/li>\n<li>Izdelani iz hipoalergenega polimera medicinske kakovosti<\/li>\n<li>Nizek profil, zdru\u017eljiv z maskami, \u010deladami in slu\u0161alkami<\/li>\n<li>Snemljivi filtrski pokrov\u010dki za dodatno za\u0161\u010dito v okoljih z visokim hrupom<\/li>\n<li>Zdru\u017eljivi z razli\u010dnimi radijskimi komunikacijskimi sistemi<\/li>\n<\/ul>\n<h3>Dodatne informacije:<\/h3>\n<ul>\n<li>Na voljo v prozorni, \u010drni ali oran\u017eni barvi<\/li>\n<li>Vklju\u010duje 66 cm polimerno vrvico in dodaten par konic Comply\u2122<\/li>\n<li>Velikosti: majhna (S), srednja (M) in velika (L)<\/li>\n<li>Izjava o skladnosti je na voljo na surefire.com\/doc-ep7<\/li>\n<\/ul>\n<p>\u010cepki za u\u0161esa Surefire EP7 Sonic Defenders Ultra so primerni za profesionalno in rekreativno uporabo ter nudijo udobje, vsestranskost in za\u0161\u010dito sluha.<\/p>\n<\/div>\n","protected":false},"excerpt":{"rendered":"<p>Za\u0161\u010ditni \u010depki za u\u0161esa z 28dB NRR. Dovoljujejo varne zvoke. Udobne penaste konice.<\/p>\n","protected":false},"featured_media":399776,"template":"","meta":{"_acf_changed":false},"product_brand":[11871],"product_cat":[13450,13445],"product_tag":[],"class_list":{"0":"post-411076","1":"product","2":"type-product","3":"status-publish","4":"has-post-thumbnail","6":"product_brand-surefire","7":"product_cat-oprema","8":"product_cat-zascita-za-usesa","10":"first","11":"instock","12":"taxable","13":"shipping-taxable","14":"purchasable","15":"product-type-simple"},"acf":[],"_links":{"self":[{"href":"https:\/\/staging.nbg.eu\/sl\/wp-json\/wp\/v2\/product\/411076","targetHints":{"allow":["GET"]}}],"collection":[{"href":"https:\/\/staging.nbg.eu\/sl\/wp-json\/wp\/v2\/product"}],"about":[{"href":"https:\/\/staging.nbg.eu\/sl\/wp-json\/wp\/v2\/types\/product"}],"wp:featuredmedia":[{"embeddable":true,"href":"https:\/\/staging.nbg.eu\/sl\/wp-json\/wp\/v2\/media\/399776"}],"wp:attachment":[{"href":"https:\/\/staging.nbg.eu\/sl\/wp-json\/wp\/v2\/media?parent=411076"}],"wp:term":[{"taxonomy":"product_brand","embeddable":true,"href":"https:\/\/staging.nbg.eu\/sl\/wp-json\/wp\/v2\/product_brand?post=411076"},{"taxonomy":"product_cat","embeddable":true,"href":"https:\/\/staging.nbg.eu\/sl\/wp-json\/wp\/v2\/product_cat?post=411076"},{"taxonomy":"product_tag","embeddable":true,"href":"https:\/\/staging.nbg.eu\/sl\/wp-json\/wp\/v2\/product_tag?post=411076"}],"curies":[{"name":"wp","href":"https:\/\/api.w.org\/{rel}","templated":true}]}}