{"id":410769,"date":"2025-07-01T16:31:50","date_gmt":"2025-07-01T13:31:50","guid":{"rendered":"https:\/\/staging.nbg.eu\/product\/surefire-csm-09-push-button-switch\/"},"modified":"2025-07-01T16:33:34","modified_gmt":"2025-07-01T13:33:34","slug":"surefire-csm-09-pritisno-stikalo","status":"publish","type":"product","link":"https:\/\/staging.nbg.eu\/sl\/izdelek\/surefire-csm-09-pritisno-stikalo\/","title":{"rendered":"Surefire CSM-09 Pritisno Stikalo"},"content":{"rendered":"<div class=\"product-description\">\n<h2>Surefire CSM-09 Stikalo na Pritisk<\/h2>\n<h2>Daljinsko upravljanje. Prihranek prostora.<\/h2>\n<p>CSM-09 stikalo na pritisk je re\u0161itev za daljinsko aktiviranje va\u0161e SureFire WeaponLight, ki hkrati maksimira prostor na vodilu va\u0161ega oro\u017eja. To kompaktno in zanesljivo stikalo ponuja trenutno in stalno vklop z enim samim upravljanjem.<\/p>\n<h3>Klju\u010dne lastnosti:<\/h3>\n<ul>\n<li>Zanesljiva daljinska aktivacija za SureFire WeaponLights s priklju\u010dki za stikala<\/li>\n<li>Kompaktna zasnova za u\u010dinkovito uporabo prostora na vodilu<\/li>\n<li>Enostavna pritrditev na M-LOK vodila<\/li>\n<li>Vodoodporna konstrukcija za zanesljivost v vseh pogojih<\/li>\n<li>9-pal\u010dni kabel primeren za ve\u010dino pu\u0161k\/karabink<\/li>\n<\/ul>\n<h3>Vsestranska zdru\u017eljivost:<\/h3>\n<p>CSM-09 je zdru\u017eljiv s \u0161irokim naborom SureFire WeaponLights, vklju\u010dno z:<\/p>\n<ul>\n<li>Millennium Universal<\/li>\n<li>Classic Universal<\/li>\n<li>Scout Light (s priklju\u010dkom na zadnjem pokrov\u010dku)<\/li>\n<li>X300<\/li>\n<li>X400 (s XT zadnjim pokrov\u010dkom)<\/li>\n<\/ul>\n<h3>Intuitivno upravljanje:<\/h3>\n<p>Enostavno aktivirajte va\u0161o WeaponLight:<\/p>\n<ul>\n<li>Rahel pritisk za trenutni vklop<\/li>\n<li>Pritisk do klika za stalni vklop<\/li>\n<\/ul>\n<p>CSM-09 stikalo na pritisk je izdelano po standardih SureFire in zagotavlja, da je va\u0161a WeaponLight pripravljena, ko jo potrebujete. Zanesljivo je glede trajnosti, natan\u010dnosti in zmogljivosti za vse va\u0161e takti\u010dne potrebe osvetlitve.<\/p>\n<\/div>\n","protected":false},"excerpt":{"rendered":"<p>Kompaktno M-LOK daljinsko stikalo za SureFire oro\u017ene svetilke. Trenutni in stalni vklop.<\/p>\n","protected":false},"featured_media":399901,"template":"","meta":{"_acf_changed":false},"product_brand":[11879],"product_cat":[13498,13474],"product_tag":[],"class_list":{"0":"post-410769","1":"product","2":"type-product","3":"status-publish","4":"has-post-thumbnail","6":"product_brand-surefire","7":"product_cat-dodatki-za-luci","8":"product_cat-luci","10":"first","11":"instock","12":"taxable","13":"shipping-taxable","14":"purchasable","15":"product-type-simple"},"acf":[],"_links":{"self":[{"href":"https:\/\/staging.nbg.eu\/sl\/wp-json\/wp\/v2\/product\/410769","targetHints":{"allow":["GET"]}}],"collection":[{"href":"https:\/\/staging.nbg.eu\/sl\/wp-json\/wp\/v2\/product"}],"about":[{"href":"https:\/\/staging.nbg.eu\/sl\/wp-json\/wp\/v2\/types\/product"}],"wp:featuredmedia":[{"embeddable":true,"href":"https:\/\/staging.nbg.eu\/sl\/wp-json\/wp\/v2\/media\/399901"}],"wp:attachment":[{"href":"https:\/\/staging.nbg.eu\/sl\/wp-json\/wp\/v2\/media?parent=410769"}],"wp:term":[{"taxonomy":"product_brand","embeddable":true,"href":"https:\/\/staging.nbg.eu\/sl\/wp-json\/wp\/v2\/product_brand?post=410769"},{"taxonomy":"product_cat","embeddable":true,"href":"https:\/\/staging.nbg.eu\/sl\/wp-json\/wp\/v2\/product_cat?post=410769"},{"taxonomy":"product_tag","embeddable":true,"href":"https:\/\/staging.nbg.eu\/sl\/wp-json\/wp\/v2\/product_tag?post=410769"}],"curies":[{"name":"wp","href":"https:\/\/api.w.org\/{rel}","templated":true}]}}