{"id":408149,"date":"2025-07-01T12:02:54","date_gmt":"2025-07-01T09:02:54","guid":{"rendered":"https:\/\/staging.nbg.eu\/product\/surefire-m640df-bk-pro-scout-light-pro-black\/"},"modified":"2025-07-01T12:05:07","modified_gmt":"2025-07-01T09:05:07","slug":"surefire-m640df-bk-pro-scout-light-pro-crna","status":"publish","type":"product","link":"https:\/\/staging.nbg.eu\/sl\/izdelek\/surefire-m640df-bk-pro-scout-light-pro-crna\/","title":{"rendered":"Surefire M640DF-BK-PRO Scout Light Pro, \u010crna"},"content":{"rendered":"<div class=\"product-description\">\n<h2>Surefire M640DF-BK-PRO Scout Light Pro, \u010crna<\/h2>\n<p>Dual Fuel Scout Light\u00ae Pro je oro\u017ena svetilka, ki zdru\u017euje preizku\u0161ene elemente s sodobno tehnologijo. To ve\u010dnamensko orodje za osvetlitev je zasnovano za uporabo v takti\u010dnih situacijah, podnevi in pono\u010di.<\/p>\n<h2>Klju\u010dne lastnosti:<\/h2>\n<ul>\n<li>Oddaja do 1.500 lumnov bele svetlobe<\/li>\n<li>Dual Fuel zmogljivost: Uporablja bodisi SF18650B polnilno ali dve 123A litijevi bateriji<\/li>\n<li>Nizkoprofilni nosilec (LPM) za optimalno namestitev<\/li>\n<li>Hibridni vzorec \u017earka za identifikacijo na dolge razdalje in situacijsko zavedanje<\/li>\n<li>LED z visoko izhodno mo\u010djo<\/li>\n<li>Aluminijasta konstrukcija s trdo anodizacijo po voja\u0161kih specifikacijah za trajnost<\/li>\n<\/ul>\n<h2>Vsestranskost in zmogljivost:<\/h2>\n<p>M640DF-BK-PRO ima nov nizkoprofilni nosilec (LPM), ki omogo\u010da prilagodljivost pri namestitvi. Zdru\u017eljiv je s sistemi tirnic MIL-STD-1913 in M-LOK. LED oddaja 1.500 lumnov z baterijo SF18650B ali 1.200 lumnov z baterijami 123A, kar zagotavlja ravnovesje med dosegom in okoli\u0161ko svetlobo skozi le\u010do s popolnim notranjim odbojem (TIR).<\/p>\n<h2>Izdelano za zahtevne pogoje:<\/h2>\n<p>Izdelano iz lahkega letalskega aluminija s trdo anodiziranim zaklju\u010dkom po voja\u0161kih specifikacijah. O-tesnila zagotavljajo vodoodpornost IPX7. Kaljeno steklo in robustna konstrukcija zagotavljajo zanesljivost v boju.<\/p>\n<h2>Takti\u010dna prednost:<\/h2>\n<p>Z najve\u010djo intenzivnostjo \u017earka 16.000 kandel in dosegom \u017earka do 250 metrov. Stikalo Z68 za trenutni\/stalni vklop, za\u0161\u010diteno s takti\u010dnim pokrovom, omogo\u010da zanesljivo aktivacijo.<\/p>\n<h2>Tehni\u010dne specifikacije:<\/h2>\n<ul>\n<li>Dol\u017eina: 14,1 cm<\/li>\n<li>Te\u017ea z baterijami: 156 g<\/li>\n<li>Premer okvirja: 2,9 cm<\/li>\n<li>Izhodna mo\u010d: Visoka &#8211; 1.500 lumnov (SF18650B) \/ 1.200 lumnov (123A)<\/li>\n<li>\u010cas delovanja: 1,5 ure (SF18650B) \/ 1,25 ure (123A)<\/li>\n<\/ul>\n<p>Surefire M640DF-BK-PRO Scout Light Pro je naslednja stopnja v razvoju svetilk za namestitev na oro\u017eje.<\/p>\n<\/div>\n","protected":false},"excerpt":{"rendered":"<p>Zmogljiva takti\u010dna svetilka z 1.500 lumni in vsestranskim nosilcem za uporabo na kratkih do dolgih razdaljah.<\/p>\n","protected":false},"featured_media":400350,"template":"","meta":{"_acf_changed":false},"product_brand":[11879],"product_cat":[13474,13434],"product_tag":[],"class_list":{"0":"post-408149","1":"product","2":"type-product","3":"status-publish","4":"has-post-thumbnail","6":"product_brand-surefire","7":"product_cat-luci","8":"product_cat-luci-za-puske","10":"first","11":"instock","12":"taxable","13":"shipping-taxable","14":"purchasable","15":"product-type-variable","16":"wvs-archive-product-wrapper"},"acf":[],"_links":{"self":[{"href":"https:\/\/staging.nbg.eu\/sl\/wp-json\/wp\/v2\/product\/408149","targetHints":{"allow":["GET"]}}],"collection":[{"href":"https:\/\/staging.nbg.eu\/sl\/wp-json\/wp\/v2\/product"}],"about":[{"href":"https:\/\/staging.nbg.eu\/sl\/wp-json\/wp\/v2\/types\/product"}],"wp:featuredmedia":[{"embeddable":true,"href":"https:\/\/staging.nbg.eu\/sl\/wp-json\/wp\/v2\/media\/400350"}],"wp:attachment":[{"href":"https:\/\/staging.nbg.eu\/sl\/wp-json\/wp\/v2\/media?parent=408149"}],"wp:term":[{"taxonomy":"product_brand","embeddable":true,"href":"https:\/\/staging.nbg.eu\/sl\/wp-json\/wp\/v2\/product_brand?post=408149"},{"taxonomy":"product_cat","embeddable":true,"href":"https:\/\/staging.nbg.eu\/sl\/wp-json\/wp\/v2\/product_cat?post=408149"},{"taxonomy":"product_tag","embeddable":true,"href":"https:\/\/staging.nbg.eu\/sl\/wp-json\/wp\/v2\/product_tag?post=408149"}],"curies":[{"name":"wp","href":"https:\/\/api.w.org\/{rel}","templated":true}]}}