{"id":405881,"date":"2025-06-30T21:20:32","date_gmt":"2025-06-30T18:20:32","guid":{"rendered":"https:\/\/staging.nbg.eu\/product\/surefire-scout-infrared-light-m640v-pro-tan\/"},"modified":"2025-06-30T21:21:52","modified_gmt":"2025-06-30T18:21:52","slug":"surefire-scout-infrardeca-svetilka-m640v-pro-tan","status":"publish","type":"product","link":"https:\/\/staging.nbg.eu\/sl\/izdelek\/surefire-scout-infrardeca-svetilka-m640v-pro-tan\/","title":{"rendered":"SureFire Scout Infrarde\u010da Svetilka &#8211; M640V PRO &#8211; Tan"},"content":{"rendered":"<h2>SureFire Scout infrarde\u010da lu\u010d &#8211; M640V PRO &#8211; Rjava<\/h2>\n<p>M640V PRO Scout infrarde\u010da lu\u010d. Ta ve\u010dnamenska oro\u017ena lu\u010d vklju\u010duje:<\/p>\n<ul>\n<li>350 lumnov bele svetlobe in 120 mW IR izhoda<\/li>\n<li>Nov nizkoprofilni nosilec za optimalno namestitev na MIL-STD-1913 ali M-LOK tirnice<\/li>\n<li>Lastni\u0161ka TIR le\u010da za daljnose\u017eni \u017earek z zadostno okoli\u0161ko svetlobo<\/li>\n<li>Preklapljanje med belim in IR na\u010dinom med delovanjem<\/li>\n<li>Konstrukcija iz trpe\u017enega letalskega aluminija z voja\u0161ko trdo anodizirano povr\u0161ino<\/li>\n<li>IPX7 vodoodpornost<\/li>\n<li>Gumb na zadnjem pokrov\u010dku za enostavno aktivacijo<\/li>\n<\/ul>\n<p>Z 2,5 urami delovanja pri visoki nastavitvi in 214-metrsko razdaljo \u017earka je M640V PRO primeren za srednje do dolge razdalje. SureFire tehnologija.<\/p>\n","protected":false},"excerpt":{"rendered":"<p>Vsestranska IR\/bela oro\u017ena svetilka s 350 lumni in 120 mW IR izhodne mo\u010di.<\/p>\n","protected":false},"featured_media":353031,"template":"","meta":{"_acf_changed":false},"product_brand":[11879],"product_cat":[13442,13474,13434],"product_tag":[],"class_list":{"0":"post-405881","1":"product","2":"type-product","3":"status-publish","4":"has-post-thumbnail","6":"product_brand-surefire","7":"product_cat-edc-luci","8":"product_cat-luci","9":"product_cat-luci-za-puske","11":"first","12":"instock","13":"taxable","14":"shipping-taxable","15":"purchasable","16":"product-type-simple"},"acf":[],"_links":{"self":[{"href":"https:\/\/staging.nbg.eu\/sl\/wp-json\/wp\/v2\/product\/405881","targetHints":{"allow":["GET"]}}],"collection":[{"href":"https:\/\/staging.nbg.eu\/sl\/wp-json\/wp\/v2\/product"}],"about":[{"href":"https:\/\/staging.nbg.eu\/sl\/wp-json\/wp\/v2\/types\/product"}],"wp:featuredmedia":[{"embeddable":true,"href":"https:\/\/staging.nbg.eu\/sl\/wp-json\/wp\/v2\/media\/353031"}],"wp:attachment":[{"href":"https:\/\/staging.nbg.eu\/sl\/wp-json\/wp\/v2\/media?parent=405881"}],"wp:term":[{"taxonomy":"product_brand","embeddable":true,"href":"https:\/\/staging.nbg.eu\/sl\/wp-json\/wp\/v2\/product_brand?post=405881"},{"taxonomy":"product_cat","embeddable":true,"href":"https:\/\/staging.nbg.eu\/sl\/wp-json\/wp\/v2\/product_cat?post=405881"},{"taxonomy":"product_tag","embeddable":true,"href":"https:\/\/staging.nbg.eu\/sl\/wp-json\/wp\/v2\/product_tag?post=405881"}],"curies":[{"name":"wp","href":"https:\/\/api.w.org\/{rel}","templated":true}]}}