{"id":405773,"date":"2025-06-30T21:15:18","date_gmt":"2025-06-30T18:15:18","guid":{"rendered":"https:\/\/staging.nbg.eu\/product\/surefire-plr-b-edc-flashlight-stiletto-pro\/"},"modified":"2025-06-30T21:16:37","modified_gmt":"2025-06-30T18:16:37","slug":"surefire-plr-b-edc-svetilka-stiletto-pro","status":"publish","type":"product","link":"https:\/\/staging.nbg.eu\/sl\/izdelek\/surefire-plr-b-edc-svetilka-stiletto-pro\/","title":{"rendered":"Surefire PLR-B EDC Svetilka &#8211; Stiletto Pro"},"content":{"rendered":"<h2>Surefire PLR-B EDC svetilka &#8211; Stiletto Pro<\/h2>\n<p>Stiletto Pro je vsakodnevna \u017eepna svetilka. Ta kompaktna naprava proizvaja 1.000 lumnov bele LED svetlobe z uporabo SureFire-ovega MaxVision Beam\u00ae reflektorja.<\/p>\n<ul>\n<li>Tri programirljive nastavitve: 1.000 lumnov (visoko), 300 lumnov (srednje) in 25 lumnov (nizko)<\/li>\n<li>Ohi\u0161je iz letalskega aluminija za enostavno skrivanje in vzdr\u017eljivost<\/li>\n<li>Trdo anodiziran zaklju\u010dek po voja\u0161kem standardu z IPX7 vodoodpornostjo<\/li>\n<li>Takti\u010dno stikalo na repu za takoj\u0161en visok izhod in mo\u017enost stroboskopa<\/li>\n<li>Vgrajena USB-C polnilna litij-polimerna baterija<\/li>\n<li>LED indikator stanja baterije<\/li>\n<li>Obojestranska vzmetna jeklena zaponka za \u017eep s prevleko Melonite\u00ae<\/li>\n<\/ul>\n<p>Stiletto Pro meri 11,4 cm v dol\u017eino in tehta 113 gramov, se prilega v \u017eep in zagotavlja profesionalno osvetlitev. Surefire Stiletto Pro je majhna svetilka z veliko mo\u010djo.<\/p>\n","protected":false},"excerpt":{"rendered":"<p>Kompaktna, zmogljiva 1000-lumenska EDC svetilka s tehnologijo MaxVision Beam\u00ae.<\/p>\n","protected":false},"featured_media":352675,"template":"","meta":{"_acf_changed":false},"product_brand":[11879],"product_cat":[13473,13442,13474],"product_tag":[],"class_list":{"0":"post-405773","1":"product","2":"type-product","3":"status-publish","4":"has-post-thumbnail","6":"product_brand-surefire","7":"product_cat-edc","8":"product_cat-edc-luci","9":"product_cat-luci","11":"first","12":"instock","13":"taxable","14":"shipping-taxable","15":"purchasable","16":"product-type-simple"},"acf":[],"_links":{"self":[{"href":"https:\/\/staging.nbg.eu\/sl\/wp-json\/wp\/v2\/product\/405773","targetHints":{"allow":["GET"]}}],"collection":[{"href":"https:\/\/staging.nbg.eu\/sl\/wp-json\/wp\/v2\/product"}],"about":[{"href":"https:\/\/staging.nbg.eu\/sl\/wp-json\/wp\/v2\/types\/product"}],"wp:featuredmedia":[{"embeddable":true,"href":"https:\/\/staging.nbg.eu\/sl\/wp-json\/wp\/v2\/media\/352675"}],"wp:attachment":[{"href":"https:\/\/staging.nbg.eu\/sl\/wp-json\/wp\/v2\/media?parent=405773"}],"wp:term":[{"taxonomy":"product_brand","embeddable":true,"href":"https:\/\/staging.nbg.eu\/sl\/wp-json\/wp\/v2\/product_brand?post=405773"},{"taxonomy":"product_cat","embeddable":true,"href":"https:\/\/staging.nbg.eu\/sl\/wp-json\/wp\/v2\/product_cat?post=405773"},{"taxonomy":"product_tag","embeddable":true,"href":"https:\/\/staging.nbg.eu\/sl\/wp-json\/wp\/v2\/product_tag?post=405773"}],"curies":[{"name":"wp","href":"https:\/\/api.w.org\/{rel}","templated":true}]}}