{"id":39839,"date":"2024-08-26T13:35:02","date_gmt":"2024-09-09T14:49:49","guid":{"rendered":"https:\/\/staging.nbg.eu\/product\/vanward-felt\/"},"modified":"2024-09-09T14:51:04","modified_gmt":"2024-09-09T14:51:04","slug":"vanward-felt","status":"publish","type":"product","link":"https:\/\/staging.nbg.eu\/sl\/izdelek\/vanward-felt\/","title":{"rendered":"Vanward Felt"},"content":{"rendered":"<div class=\"product-description\">\n<h2>Du\u0161ilec Vanward Felt<\/h2>\n<p>Do\u017eivite naslednjo evolucijo v tehnologiji du\u0161ilcev z Vanward Felt, razvitim iz 3D natisnjenih du\u0161ilcev TE-Titan.<\/p>\n<h2>Klju\u010dne lastnosti:<\/h2>\n<ul>\n<li>Optimizirana razporeditev pregrad za vrhunsko izena\u010devanje pritiska<\/li>\n<li>\u0160esterokotna zunanja oblika za izbolj\u0161ano trdnost in u\u010dinkovito hlajenje<\/li>\n<li>Izjemno lahek, tehta le 171 gramov*<\/li>\n<li>3D natisnjen v enem kosu iz titana stopnje 5<\/li>\n<li>Navojni del iz nerjave\u010dega jekla<\/li>\n<li>Odporen na vodo, slane raztopine in strelne pline<\/li>\n<li>Minimalno oprijemanje ostankov prahu<\/li>\n<\/ul>\n<h2>Specifikacije:<\/h2>\n<ul>\n<li>Razpolo\u017eljivi kalibri: .223, .264, .30<\/li>\n<li>Vrste navojev: M18x1, M15x1, M14x1, 1\/2*28<\/li>\n<li>Dimenzije: \u00d842mm x 130mm dol\u017eine<\/li>\n<\/ul>\n<p>Zasnovan s prispevki najbolj\u0161ih terenskih strelcev, Vanward Felt ponuja neprimerljivo varnost, trdnost in zmogljivost. Njegove integrirane hladilne rebre in lahka zasnova ga naredijo idealnega za terenske strelske aplikacije.<\/p>\n<p><em>*Te\u017ea za tip navoja M14x1<\/em><\/p>\n<\/div>\n","protected":false},"excerpt":{"rendered":"<p>Lahek, 3D-tiskan titanijski du\u0161ilec z optimizirano zasnovo.<\/p>\n","protected":false},"featured_media":32234,"template":"","meta":{"_acf_changed":false},"product_brand":[11948],"product_cat":[13418,13436,13483],"product_tag":[],"class_list":{"0":"post-39839","1":"product","2":"type-product","3":"status-publish","4":"has-post-thumbnail","6":"product_brand-vanward","7":"product_cat-dusilci","8":"product_cat-dusilci-za-puske","9":"product_cat-puska","11":"first","12":"instock","13":"taxable","14":"shipping-taxable","15":"purchasable","16":"product-type-variable","17":"wvs-archive-product-wrapper"},"acf":[],"_links":{"self":[{"href":"https:\/\/staging.nbg.eu\/sl\/wp-json\/wp\/v2\/product\/39839","targetHints":{"allow":["GET"]}}],"collection":[{"href":"https:\/\/staging.nbg.eu\/sl\/wp-json\/wp\/v2\/product"}],"about":[{"href":"https:\/\/staging.nbg.eu\/sl\/wp-json\/wp\/v2\/types\/product"}],"wp:featuredmedia":[{"embeddable":true,"href":"https:\/\/staging.nbg.eu\/sl\/wp-json\/wp\/v2\/media\/32234"}],"wp:attachment":[{"href":"https:\/\/staging.nbg.eu\/sl\/wp-json\/wp\/v2\/media?parent=39839"}],"wp:term":[{"taxonomy":"product_brand","embeddable":true,"href":"https:\/\/staging.nbg.eu\/sl\/wp-json\/wp\/v2\/product_brand?post=39839"},{"taxonomy":"product_cat","embeddable":true,"href":"https:\/\/staging.nbg.eu\/sl\/wp-json\/wp\/v2\/product_cat?post=39839"},{"taxonomy":"product_tag","embeddable":true,"href":"https:\/\/staging.nbg.eu\/sl\/wp-json\/wp\/v2\/product_tag?post=39839"}],"curies":[{"name":"wp","href":"https:\/\/api.w.org\/{rel}","templated":true}]}}