{"id":38782,"date":"2024-08-26T13:54:16","date_gmt":"2024-09-09T14:39:35","guid":{"rendered":"https:\/\/staging.nbg.eu\/product\/vanward-ultra-light\/"},"modified":"2025-05-01T17:51:11","modified_gmt":"2025-05-01T17:51:11","slug":"vanward-ultra-light","status":"publish","type":"product","link":"https:\/\/staging.nbg.eu\/sl\/izdelek\/vanward-ultra-light\/","title":{"rendered":"Vanward Ultra Light"},"content":{"rendered":"<h2>Vanward Ultra lahek du\u0161ilec<\/h2>\n<p>Do\u017eivite neprimerljivo lahkost in zmogljivost z du\u0161ilcem Vanward Ultra Light. S te\u017eo samo 137 gramov* je najla\u017eji v svojem razredu, ne da bi pri tem ogro\u017eal funkcionalnost.<\/p>\n<h2>Klju\u010dne lastnosti:<\/h2>\n<ul>\n<li>Optimiziran razmik med pregradami za vrhunsko izena\u010devanje tlaka<\/li>\n<li>\u0160esterokotna zunanja oblika za ve\u010djo trdnost in hlajenje<\/li>\n<li>3D natisnjen v enem kosu iz titana razreda 5<\/li>\n<li>Izjemno trpe\u017een in odporen proti koroziji<\/li>\n<li>Na voljo v kalibrih .223, .264 in .30<\/li>\n<li>Vrste navojev: M18x1, M15x1, M14x1, 1\/2*28<\/li>\n<\/ul>\n<h2>Specifikacije:<\/h2>\n<ul>\n<li>Premer: 42 mm<\/li>\n<li>Dol\u017eina: 130 mm<\/li>\n<li>Te\u017ea: 137 gramov* (model M18)<\/li>\n<\/ul>\n<p>Izbolj\u0161ajte svojo strelsko izku\u0161njo z Vanward Ultra Light &#8211; kjer se inovativnost sre\u010da z zmogljivostjo.<\/p>\n","protected":false},"excerpt":{"rendered":"<p>Ultralahek titanov du\u0161ilec, 137 g. 3D natisnjen, trpe\u017een, u\u010dinkovito hlajenje.<\/p>\n","protected":false},"featured_media":32442,"template":"","meta":{"_acf_changed":false},"product_brand":[11948],"product_cat":[13418,13436,13483],"product_tag":[],"class_list":{"0":"post-38782","1":"product","2":"type-product","3":"status-publish","4":"has-post-thumbnail","6":"product_brand-vanward","7":"product_cat-dusilci","8":"product_cat-dusilci-za-puske","9":"product_cat-puska","11":"first","12":"instock","13":"taxable","14":"shipping-taxable","15":"purchasable","16":"product-type-variable","17":"wvs-archive-product-wrapper"},"acf":[],"_links":{"self":[{"href":"https:\/\/staging.nbg.eu\/sl\/wp-json\/wp\/v2\/product\/38782","targetHints":{"allow":["GET"]}}],"collection":[{"href":"https:\/\/staging.nbg.eu\/sl\/wp-json\/wp\/v2\/product"}],"about":[{"href":"https:\/\/staging.nbg.eu\/sl\/wp-json\/wp\/v2\/types\/product"}],"wp:featuredmedia":[{"embeddable":true,"href":"https:\/\/staging.nbg.eu\/sl\/wp-json\/wp\/v2\/media\/32442"}],"wp:attachment":[{"href":"https:\/\/staging.nbg.eu\/sl\/wp-json\/wp\/v2\/media?parent=38782"}],"wp:term":[{"taxonomy":"product_brand","embeddable":true,"href":"https:\/\/staging.nbg.eu\/sl\/wp-json\/wp\/v2\/product_brand?post=38782"},{"taxonomy":"product_cat","embeddable":true,"href":"https:\/\/staging.nbg.eu\/sl\/wp-json\/wp\/v2\/product_cat?post=38782"},{"taxonomy":"product_tag","embeddable":true,"href":"https:\/\/staging.nbg.eu\/sl\/wp-json\/wp\/v2\/product_tag?post=38782"}],"curies":[{"name":"wp","href":"https:\/\/api.w.org\/{rel}","templated":true}]}}