{"id":37620,"date":"2024-09-02T10:54:46","date_gmt":"2024-09-02T10:54:46","guid":{"rendered":"https:\/\/staging.nbg.eu\/product\/bcm-quick-detach-sling-swivel-heavy-duty-design\/"},"modified":"2024-09-09T14:29:13","modified_gmt":"2024-09-09T14:29:13","slug":"bcm-hitro-snemljiv-obrocni-zaponec-tezka-izvedba","status":"publish","type":"product","link":"https:\/\/staging.nbg.eu\/sl\/izdelek\/bcm-hitro-snemljiv-obrocni-zaponec-tezka-izvedba\/","title":{"rendered":"BCM\u00ae hitro snemljiv obro\u010dni zaponec (te\u017eka izvedba)"},"content":{"rendered":"<div class=\"product-description\">\n<h2>BCM\u00ae Hitro snemljivi nosilec za jermen (te\u017eka izvedba)<\/h2>\n<p>Izbolj\u0161ajte funkcionalnost svojega oro\u017eja z BCM\u00ae hitro snemljivim nosilcem za jermen, zasnovanim za trpe\u017enost in zanesljivost.<\/p>\n<ul>\n<li>Zasnova potopnega bata prepre\u010duje nenamerno sprostitev in zagotavlja, da jermen ostane varno pritrjen<\/li>\n<li>Natan\u010dno izdelan iz ogljikovega jekla s prevleko iz manganovega fosfata za vrhunsko odpornost proti koroziji<\/li>\n<li>Pred prevleko je obdelan s postopkom vrtin\u010dnega raziglevanja in peskanja za gladko povr\u0161ino brez zatikanja<\/li>\n<li>Zdru\u017eljiv z jermeni \u0161irine 1-1\/4&#8243; (3,175 cm), kar omogo\u010da prilagodljivost za razli\u010dne konfiguracije<\/li>\n<li>Robustna konstrukcija prenese intenzivno uporabo v zahtevnih okoljih<\/li>\n<\/ul>\n<p>Zaupajte BCM-jevi zavezanosti h kakovosti in zmogljivosti. Ta hitro snemljivi nosilec za jermen je popoln dodatek va\u0161i takti\u010dni opremi, ki omogo\u010da hitro pritrditev in odstranitev brez kompromisov glede varnosti.<\/p>\n<\/div>\n","protected":false},"excerpt":{"rendered":"<p>Hitro snemljivi te\u017eki vrtljivi obro\u010d za jermen. Varen, trpe\u017een, zdru\u017eljiv z 1-1\/4&#8243;.<\/p>\n","protected":false},"featured_media":36991,"template":"","meta":{"_acf_changed":false},"product_brand":[11066],"product_cat":[13432,13446,13483],"product_tag":[],"class_list":{"0":"post-37620","1":"product","2":"type-product","3":"status-publish","4":"has-post-thumbnail","6":"product_brand-bcm","7":"product_cat-nastavitve-puske","8":"product_cat-pasovi-za-nosenje","9":"product_cat-puska","11":"first","12":"instock","13":"taxable","14":"shipping-taxable","15":"purchasable","16":"product-type-simple"},"acf":[],"_links":{"self":[{"href":"https:\/\/staging.nbg.eu\/sl\/wp-json\/wp\/v2\/product\/37620","targetHints":{"allow":["GET"]}}],"collection":[{"href":"https:\/\/staging.nbg.eu\/sl\/wp-json\/wp\/v2\/product"}],"about":[{"href":"https:\/\/staging.nbg.eu\/sl\/wp-json\/wp\/v2\/types\/product"}],"wp:featuredmedia":[{"embeddable":true,"href":"https:\/\/staging.nbg.eu\/sl\/wp-json\/wp\/v2\/media\/36991"}],"wp:attachment":[{"href":"https:\/\/staging.nbg.eu\/sl\/wp-json\/wp\/v2\/media?parent=37620"}],"wp:term":[{"taxonomy":"product_brand","embeddable":true,"href":"https:\/\/staging.nbg.eu\/sl\/wp-json\/wp\/v2\/product_brand?post=37620"},{"taxonomy":"product_cat","embeddable":true,"href":"https:\/\/staging.nbg.eu\/sl\/wp-json\/wp\/v2\/product_cat?post=37620"},{"taxonomy":"product_tag","embeddable":true,"href":"https:\/\/staging.nbg.eu\/sl\/wp-json\/wp\/v2\/product_tag?post=37620"}],"curies":[{"name":"wp","href":"https:\/\/api.w.org\/{rel}","templated":true}]}}