{"id":37597,"date":"2024-09-02T16:31:14","date_gmt":"2024-09-02T16:31:14","guid":{"rendered":"https:\/\/staging.nbg.eu\/product\/bcm-mcmr-sm-quick-detachable-sling-mount-m-lok-compatible\/"},"modified":"2024-09-09T14:22:17","modified_gmt":"2024-09-09T14:22:17","slug":"bcm-mcmr-sm-hitro-snemljiv-nosilec-za-pas-zdruzljiv-z-m-lok","status":"publish","type":"product","link":"https:\/\/staging.nbg.eu\/sl\/izdelek\/bcm-mcmr-sm-hitro-snemljiv-nosilec-za-pas-zdruzljiv-z-m-lok\/","title":{"rendered":"BCM\u00ae MCMR-SM hitro snemljiv nosilec za pas (zdru\u017eljiv z M-LOK\u00ae)"},"content":{"rendered":"<div class=\"product-description\">\n<h2>BCM\u00ae MCMR-SM Hitro snemljivo pritrdi\u0161\u010de za jermen (zdru\u017eljivo z M-LOK\u00ae*)<\/h2>\n<p>Izbolj\u0161ajte vsestranskost va\u0161ega strelnega oro\u017eja z BCM\u00ae MCMR-SM hitro snemljivim pritrdi\u0161\u010dem za jermen. Ta nizkoprofilni dodatek je zasnovan za pove\u010dano mobilnost in zmanj\u0161ano mo\u017enost zatikanja, zaradi \u010desar je bistvena dodatek k va\u0161i opremi, zdru\u017eljivi z M-LOK\u00ae.<\/p>\n<ul>\n<li>Zdru\u017eljivo z M-LOK\u00ae za enostavno namestitev<\/li>\n<li>Primerno za standardne vrtljive zaponke za hitro odpenjanje na gumb (niso prilo\u017eene)<\/li>\n<li>8-polo\u017eajni (360\u00b0) nerotacijski vmesnik za optimalno namestitev jermena<\/li>\n<li>Trpe\u017ena konstrukcija v celoti iz jekla zagotavlja dolgotrajno delovanje<\/li>\n<\/ul>\n<p>Do\u017eivite izbolj\u0161ano manevrirnost in hitro pritrditev jermena s tem robustnim, nizkoprofilnim pritrdi\u0161\u010dem. Opomba: Vrtljiva zaponka za hitro odpenjanje se prodaja lo\u010deno.<\/p>\n<\/div>\n","protected":false},"excerpt":{"rendered":"<p>BCM\u00ae MCMR-SM QD pritrdilo za jermen: Nizkega profila, zdru\u017eljivo z M-LOK.<\/p>\n","protected":false},"featured_media":37061,"template":"","meta":{"_acf_changed":false},"product_brand":[11066],"product_cat":[13432,13446,13483],"product_tag":[],"class_list":{"0":"post-37597","1":"product","2":"type-product","3":"status-publish","4":"has-post-thumbnail","6":"product_brand-bcm","7":"product_cat-nastavitve-puske","8":"product_cat-pasovi-za-nosenje","9":"product_cat-puska","11":"first","12":"instock","13":"taxable","14":"shipping-taxable","15":"purchasable","16":"product-type-simple"},"acf":[],"_links":{"self":[{"href":"https:\/\/staging.nbg.eu\/sl\/wp-json\/wp\/v2\/product\/37597","targetHints":{"allow":["GET"]}}],"collection":[{"href":"https:\/\/staging.nbg.eu\/sl\/wp-json\/wp\/v2\/product"}],"about":[{"href":"https:\/\/staging.nbg.eu\/sl\/wp-json\/wp\/v2\/types\/product"}],"wp:featuredmedia":[{"embeddable":true,"href":"https:\/\/staging.nbg.eu\/sl\/wp-json\/wp\/v2\/media\/37061"}],"wp:attachment":[{"href":"https:\/\/staging.nbg.eu\/sl\/wp-json\/wp\/v2\/media?parent=37597"}],"wp:term":[{"taxonomy":"product_brand","embeddable":true,"href":"https:\/\/staging.nbg.eu\/sl\/wp-json\/wp\/v2\/product_brand?post=37597"},{"taxonomy":"product_cat","embeddable":true,"href":"https:\/\/staging.nbg.eu\/sl\/wp-json\/wp\/v2\/product_cat?post=37597"},{"taxonomy":"product_tag","embeddable":true,"href":"https:\/\/staging.nbg.eu\/sl\/wp-json\/wp\/v2\/product_tag?post=37597"}],"curies":[{"name":"wp","href":"https:\/\/api.w.org\/{rel}","templated":true}]}}