{"id":37572,"date":"2024-09-02T16:34:30","date_gmt":"2024-09-02T16:34:30","guid":{"rendered":"https:\/\/staging.nbg.eu\/product\/bcm-3-inch-picatinny-rail-section-aluminum-m-lok-compatible\/"},"modified":"2024-09-09T14:10:21","modified_gmt":"2024-09-09T14:10:21","slug":"bcm-3-palcna-picatinny-tirnica-aluminij-zdruzljiv-z-m-lok","status":"publish","type":"product","link":"https:\/\/staging.nbg.eu\/sl\/izdelek\/bcm-3-palcna-picatinny-tirnica-aluminij-zdruzljiv-z-m-lok\/","title":{"rendered":"BCM\u00ae 3 pal\u010dna Picatinny tirnica, aluminij (zdru\u017eljiv z M-LOK\u00ae)"},"content":{"rendered":"<div class=\"product-description\">\n<h2>BCM\u00ae 7,62 cm Picatinny vodilo, aluminij (zdru\u017eljivo z M-LOK\u00ae*)<\/h2>\n<p>Izbolj\u0161ajte vsestranskost va\u0161ega strelnega oro\u017eja z BCM\u00ae 7,62 cm Picatinny vodilom. Ta prvovrstni dodatek je izdelan iz trdo eloksiranega letalskega aluminija, kar zagotavlja trpe\u017enost in dolgotrajnost v zahtevnih okoljih.<\/p>\n<ul>\n<li>Izdelano po voja\u0161kem standardu 1913 Picatinny Arsenal<\/li>\n<li>Zasnova, odporna na zatikanje, za gladko rokovanje<\/li>\n<li>Zdru\u017eljivo z M-LOK\u00ae za enostavno namestitev in odstranitev<\/li>\n<li>Lahka, a robustna konstrukcija<\/li>\n<li>Idealno za namestitev razli\u010dnih dodatkov, vklju\u010dno z lu\u010dmi, laserji in ro\u010daji<\/li>\n<\/ul>\n<p>To vodilo zdru\u017euje funkcionalnost s takti\u010dnim videzom in vam omogo\u010da prilagoditev strelnega oro\u017eja va\u0161im specifi\u010dnim potrebam. Ne glede na to, ali ste profesionalni uporabnik ali navdu\u0161enec, je BCM\u00ae 7,62 cm Picatinny vodilo bistvena dopolnitev va\u0161e opreme.<\/p>\n<\/div>\n","protected":false},"excerpt":{"rendered":"<p>BCM\u00ae 3&#8243; Picatinny vodilo: voja\u0161ki standard, zdru\u017eljivo z M-LOK, odporno proti zatikanju<\/p>\n","protected":false},"featured_media":37200,"template":"","meta":{"_acf_changed":false},"product_brand":[11067],"product_cat":[13432,13483,13431],"product_tag":[],"class_list":{"0":"post-37572","1":"product","2":"type-product","3":"status-publish","4":"has-post-thumbnail","6":"product_brand-bcm","7":"product_cat-nastavitve-puske","8":"product_cat-puska","9":"product_cat-tirnice","11":"first","12":"instock","13":"taxable","14":"shipping-taxable","15":"purchasable","16":"product-type-simple"},"acf":[],"_links":{"self":[{"href":"https:\/\/staging.nbg.eu\/sl\/wp-json\/wp\/v2\/product\/37572","targetHints":{"allow":["GET"]}}],"collection":[{"href":"https:\/\/staging.nbg.eu\/sl\/wp-json\/wp\/v2\/product"}],"about":[{"href":"https:\/\/staging.nbg.eu\/sl\/wp-json\/wp\/v2\/types\/product"}],"wp:featuredmedia":[{"embeddable":true,"href":"https:\/\/staging.nbg.eu\/sl\/wp-json\/wp\/v2\/media\/37200"}],"wp:attachment":[{"href":"https:\/\/staging.nbg.eu\/sl\/wp-json\/wp\/v2\/media?parent=37572"}],"wp:term":[{"taxonomy":"product_brand","embeddable":true,"href":"https:\/\/staging.nbg.eu\/sl\/wp-json\/wp\/v2\/product_brand?post=37572"},{"taxonomy":"product_cat","embeddable":true,"href":"https:\/\/staging.nbg.eu\/sl\/wp-json\/wp\/v2\/product_cat?post=37572"},{"taxonomy":"product_tag","embeddable":true,"href":"https:\/\/staging.nbg.eu\/sl\/wp-json\/wp\/v2\/product_tag?post=37572"}],"curies":[{"name":"wp","href":"https:\/\/api.w.org\/{rel}","templated":true}]}}