{"id":37544,"date":"2024-09-02T16:37:54","date_gmt":"2024-09-02T16:37:54","guid":{"rendered":"https:\/\/staging.nbg.eu\/product\/bcm-kag-m-lok-compatible\/"},"modified":"2024-09-09T14:01:44","modified_gmt":"2024-09-09T14:01:44","slug":"bcm-kag-zdruzljiv-z-m-lok","status":"publish","type":"product","link":"https:\/\/staging.nbg.eu\/sl\/izdelek\/bcm-kag-zdruzljiv-z-m-lok\/","title":{"rendered":"BCM\u00ae KAG &#8211; (zdru\u017eljiv z M-LOK\u00ae)"},"content":{"rendered":"<div class=\"product-description\">\n<h2>BCM\u00ae KAG &#8211; Kineti\u010dni kotni ro\u010daj (zdru\u017eljiv z M-LOK\u00ae*)<\/h2>\n<p>Izbolj\u0161ajte svojo strelsko izku\u0161njo z BCM\u00ae KAG, sodelovanjem med BCM\u00ae in Travisom Haleyjem iz Haley Strategic Partners. Ta inovativni ro\u010daj ponuja:<\/p>\n<ul>\n<li>Biomehansko u\u010dinkovit naprej nagnjen kot za pozitivno zadr\u017eevanje<\/li>\n<li>Razbremenitev sklepov zapestja, komolca in rame<\/li>\n<li>Teksturirana sprednja in zadnja stran za dosledno oprijemanje<\/li>\n<li>Idealen za prijem &#8220;C-clamp&#8221; in podprte strelske polo\u017eaje<\/li>\n<li>Kompaktna zasnova za izbolj\u0161ano rokovanje z oro\u017ejem<\/li>\n<li>Izdelano v ZDA iz visokokakovostnih, na udarce odpornih polimerov<\/li>\n<\/ul>\n<p>Ergonomska zasnova KAG-a dopolnjuje sodobne strelske prijeme in omogo\u010da gladke prehode ter pove\u010dano u\u010dinkovitost, ne da bi dodajala obseg va\u0161emu oro\u017enemu sistemu.<\/p>\n<\/div>\n","protected":false},"excerpt":{"rendered":"<p>BCM\u00ae KAG: Ergonomski M-LOK\u00ae ro\u010daj za izbolj\u0161an nadzor oro\u017eja.<\/p>\n","protected":false},"featured_media":37364,"template":"","meta":{"_acf_changed":false},"product_brand":[11067],"product_cat":[13499],"product_tag":[],"class_list":{"0":"post-37544","1":"product","2":"type-product","3":"status-publish","4":"has-post-thumbnail","6":"product_brand-bcm","7":"product_cat-nekategorizirano","9":"first","10":"instock","11":"taxable","12":"shipping-taxable","13":"purchasable","14":"product-type-variable","15":"wvs-archive-product-wrapper"},"acf":[],"_links":{"self":[{"href":"https:\/\/staging.nbg.eu\/sl\/wp-json\/wp\/v2\/product\/37544","targetHints":{"allow":["GET"]}}],"collection":[{"href":"https:\/\/staging.nbg.eu\/sl\/wp-json\/wp\/v2\/product"}],"about":[{"href":"https:\/\/staging.nbg.eu\/sl\/wp-json\/wp\/v2\/types\/product"}],"wp:featuredmedia":[{"embeddable":true,"href":"https:\/\/staging.nbg.eu\/sl\/wp-json\/wp\/v2\/media\/37364"}],"wp:attachment":[{"href":"https:\/\/staging.nbg.eu\/sl\/wp-json\/wp\/v2\/media?parent=37544"}],"wp:term":[{"taxonomy":"product_brand","embeddable":true,"href":"https:\/\/staging.nbg.eu\/sl\/wp-json\/wp\/v2\/product_brand?post=37544"},{"taxonomy":"product_cat","embeddable":true,"href":"https:\/\/staging.nbg.eu\/sl\/wp-json\/wp\/v2\/product_cat?post=37544"},{"taxonomy":"product_tag","embeddable":true,"href":"https:\/\/staging.nbg.eu\/sl\/wp-json\/wp\/v2\/product_tag?post=37544"}],"curies":[{"name":"wp","href":"https:\/\/api.w.org\/{rel}","templated":true}]}}