{"id":36576,"date":"2024-07-29T19:12:01","date_gmt":"2024-09-02T14:22:31","guid":{"rendered":"https:\/\/staging.nbg.eu\/product\/two-4-waist-pack-for-plate-carriers\/"},"modified":"2024-09-02T14:23:48","modified_gmt":"2024-09-02T14:23:48","slug":"two-4-ledvicna-torbica-za-plosce","status":"publish","type":"product","link":"https:\/\/staging.nbg.eu\/sl\/izdelek\/two-4-ledvicna-torbica-za-plosce\/","title":{"rendered":"Two-4 ledvi\u010dna torbica za plo\u0161\u010de"},"content":{"rendered":"<p>Izbolj\u0161ajte svojo opremo za prena\u0161anje plo\u0161\u010d z ve\u010dnamenskim Two-4 pasom za pas podjetja BlueForceGear. Ta nizko profilna torbica se varno pritrdi na va\u0161 pas ali nosilec plo\u0161\u010d in omogo\u010da hiter dostop do bistvene opreme. Lastnosti vklju\u010dujejo:<\/p>\n<ul>\n<li>Trpe\u017ena konstrukcija iz 500D Cordura materiala<\/li>\n<li>MOLLE-kompatibilen sistem pritrjevanja<\/li>\n<li>Glavni predal z notranjo organizacijo<\/li>\n<li>Sprednji administrativni \u017eep za manj\u0161e predmete<\/li>\n<li>Ambidekstri\u010dna zasnova za uporabo z levo ali desno roko<\/li>\n<li>Na voljo v ve\u010d barvah<\/li>\n<\/ul>\n<p>Two-4 pas za pas, ki je popoln za vojsko, organe pregona ali takti\u010dne navdu\u0161ence, nudi priro\u010dno shranjevanje brez kompromisov glede mobilnosti. Z lahkoto nosite medicinske pripomo\u010dke, strelivo ali osebne predmete. Izdelan je za dolgotrajno uporabo in zasnovan za optimalno funkcionalnost v stresnih situacijah.<\/p>\n","protected":false},"excerpt":{"rendered":"<p>Modularni pas za opremo, ki se pritrdi na oklepni jopi\u010d. Varna in vsestranska shranjevalna re\u0161itev.<\/p>\n","protected":false},"featured_media":36577,"template":"","meta":{"_acf_changed":false},"product_brand":[11139],"product_cat":[13465,13450,13441],"product_tag":[],"class_list":{"0":"post-36576","1":"product","2":"type-product","3":"status-publish","4":"has-post-thumbnail","6":"product_brand-blue-force-gear","7":"product_cat-nosilne-plosce","8":"product_cat-oprema","9":"product_cat-torbice","11":"first","12":"instock","13":"taxable","14":"shipping-taxable","15":"purchasable","16":"product-type-simple"},"acf":[],"_links":{"self":[{"href":"https:\/\/staging.nbg.eu\/sl\/wp-json\/wp\/v2\/product\/36576","targetHints":{"allow":["GET"]}}],"collection":[{"href":"https:\/\/staging.nbg.eu\/sl\/wp-json\/wp\/v2\/product"}],"about":[{"href":"https:\/\/staging.nbg.eu\/sl\/wp-json\/wp\/v2\/types\/product"}],"wp:featuredmedia":[{"embeddable":true,"href":"https:\/\/staging.nbg.eu\/sl\/wp-json\/wp\/v2\/media\/36577"}],"wp:attachment":[{"href":"https:\/\/staging.nbg.eu\/sl\/wp-json\/wp\/v2\/media?parent=36576"}],"wp:term":[{"taxonomy":"product_brand","embeddable":true,"href":"https:\/\/staging.nbg.eu\/sl\/wp-json\/wp\/v2\/product_brand?post=36576"},{"taxonomy":"product_cat","embeddable":true,"href":"https:\/\/staging.nbg.eu\/sl\/wp-json\/wp\/v2\/product_cat?post=36576"},{"taxonomy":"product_tag","embeddable":true,"href":"https:\/\/staging.nbg.eu\/sl\/wp-json\/wp\/v2\/product_tag?post=36576"}],"curies":[{"name":"wp","href":"https:\/\/api.w.org\/{rel}","templated":true}]}}