{"id":36352,"date":"2024-07-30T18:54:40","date_gmt":"2024-09-02T13:54:50","guid":{"rendered":"https:\/\/staging.nbg.eu\/product\/mag-now-single-m4-pouch\/"},"modified":"2024-09-02T13:55:48","modified_gmt":"2024-09-02T13:55:48","slug":"mag-now-enojni-m4-etui","status":"publish","type":"product","link":"https:\/\/staging.nbg.eu\/sl\/izdelek\/mag-now-enojni-m4-etui\/","title":{"rendered":"MAG NOW! ENOJNI M4 ETUI"},"content":{"rendered":"<div class=\"product-description\">\n<h2>MAG NOW! ENOJNI M4 \u017dEPEK podjetja BlueForceGear<\/h2>\n<p>MAG NOW! ENOJNI M4 \u017dEPEK je vsestranski in trpe\u017een nosilec za nabojnike, zasnovan za hiter dostop in varno zadr\u017eevanje. Zna\u010dilnosti vklju\u010dujejo:<\/p>\n<ul>\n<li>Ultralahka konstrukcija z uporabo lastnega materiala ULTRAcomp<\/li>\n<li>Nastavljivo zadr\u017eevanje za razli\u010dne vrste nabojnikov<\/li>\n<li>MOLLE-kompatibilen sistem pritrditve<\/li>\n<li>Ambidekstri\u010dna zasnova za uporabo z levo ali desno roko<\/li>\n<li>Nizek profil za zmanj\u0161ano prostornino<\/li>\n<\/ul>\n<p>Popolno za vojsko, organe pregona in tekmovalne strelce, ki zahtevajo hitre menjave nabojnikov in zanesljivo opremo.<\/p>\n<\/div>\n","protected":false},"excerpt":{"rendered":"<p>Varna, hitro dostopna torbica za nabojnik M4. Trpe\u017ena in lahka zasnova.<\/p>\n","protected":false},"featured_media":34738,"template":"","meta":{"_acf_changed":false},"product_brand":[11139],"product_cat":[13426,13450,13441],"product_tag":[],"class_list":{"0":"post-36352","1":"product","2":"type-product","3":"status-publish","4":"has-post-thumbnail","6":"product_brand-blue-force-gear","7":"product_cat-drzala-za-nabojnike","8":"product_cat-oprema","9":"product_cat-torbice","11":"first","12":"instock","13":"taxable","14":"shipping-taxable","15":"purchasable","16":"product-type-variable","17":"wvs-archive-product-wrapper"},"acf":[],"_links":{"self":[{"href":"https:\/\/staging.nbg.eu\/sl\/wp-json\/wp\/v2\/product\/36352","targetHints":{"allow":["GET"]}}],"collection":[{"href":"https:\/\/staging.nbg.eu\/sl\/wp-json\/wp\/v2\/product"}],"about":[{"href":"https:\/\/staging.nbg.eu\/sl\/wp-json\/wp\/v2\/types\/product"}],"wp:featuredmedia":[{"embeddable":true,"href":"https:\/\/staging.nbg.eu\/sl\/wp-json\/wp\/v2\/media\/34738"}],"wp:attachment":[{"href":"https:\/\/staging.nbg.eu\/sl\/wp-json\/wp\/v2\/media?parent=36352"}],"wp:term":[{"taxonomy":"product_brand","embeddable":true,"href":"https:\/\/staging.nbg.eu\/sl\/wp-json\/wp\/v2\/product_brand?post=36352"},{"taxonomy":"product_cat","embeddable":true,"href":"https:\/\/staging.nbg.eu\/sl\/wp-json\/wp\/v2\/product_cat?post=36352"},{"taxonomy":"product_tag","embeddable":true,"href":"https:\/\/staging.nbg.eu\/sl\/wp-json\/wp\/v2\/product_tag?post=36352"}],"curies":[{"name":"wp","href":"https:\/\/api.w.org\/{rel}","templated":true}]}}