{"id":36172,"date":"2024-04-18T05:40:44","date_gmt":"2024-09-02T13:40:06","guid":{"rendered":"https:\/\/staging.nbg.eu\/product\/blue-force-gear-vickers-sling-1-25\/"},"modified":"2024-09-13T09:18:00","modified_gmt":"2024-09-13T09:18:00","slug":"blue-force-gear-vickers-pas-125","status":"publish","type":"product","link":"https:\/\/staging.nbg.eu\/sl\/izdelek\/blue-force-gear-vickers-pas-125\/","title":{"rendered":"Blue Force Gear Vickers pas, 1.25&#8243;"},"content":{"rendered":"<div class=\"product-description\">\n<h2>Blue Force Gear Vickers pas, 1,25&#8243;<\/h2>\n<p>Vickers Combat Applications Sling\u2122 je takti\u010dni pas za pu\u0161ko, ki ga je razvil Larry Vickers, nekdanji \u010dlan 1st SFOD-Delta in avtor Vickers Guide. Ponuja prilagodljivost in udobje.<\/p>\n<ul>\n<li>Hitro prilagodljiv za hitre prehode<\/li>\n<li>\u0160irina 1,25&#8243; za optimalno porazdelitev te\u017ee<\/li>\n<li>Uporablja ga ameri\u0161ka vojska<\/li>\n<li>Trpe\u017ena konstrukcija za dolgotrajno uporabo<\/li>\n<\/ul>\n<p>Ta pas izbolj\u0161a rokovanje s pu\u0161ko in mobilnost. Primeren je za profesionalne uporabnike in ljubitelje.<\/p>\n<\/div>\n","protected":false},"excerpt":{"rendered":"<p>Takti\u010dni jermen Larry Vickers. Hitro nastavljiv, voja\u0161ke kakovosti.<\/p>\n","protected":false},"featured_media":36173,"template":"","meta":{"_acf_changed":false},"product_brand":[11139],"product_cat":[13450,13446],"product_tag":[],"class_list":{"0":"post-36172","1":"product","2":"type-product","3":"status-publish","4":"has-post-thumbnail","6":"product_brand-blue-force-gear","7":"product_cat-oprema","8":"product_cat-pasovi-za-nosenje","10":"first","11":"instock","12":"taxable","13":"shipping-taxable","14":"purchasable","15":"product-type-variable","16":"wvs-archive-product-wrapper"},"acf":[],"_links":{"self":[{"href":"https:\/\/staging.nbg.eu\/sl\/wp-json\/wp\/v2\/product\/36172","targetHints":{"allow":["GET"]}}],"collection":[{"href":"https:\/\/staging.nbg.eu\/sl\/wp-json\/wp\/v2\/product"}],"about":[{"href":"https:\/\/staging.nbg.eu\/sl\/wp-json\/wp\/v2\/types\/product"}],"wp:featuredmedia":[{"embeddable":true,"href":"https:\/\/staging.nbg.eu\/sl\/wp-json\/wp\/v2\/media\/36173"}],"wp:attachment":[{"href":"https:\/\/staging.nbg.eu\/sl\/wp-json\/wp\/v2\/media?parent=36172"}],"wp:term":[{"taxonomy":"product_brand","embeddable":true,"href":"https:\/\/staging.nbg.eu\/sl\/wp-json\/wp\/v2\/product_brand?post=36172"},{"taxonomy":"product_cat","embeddable":true,"href":"https:\/\/staging.nbg.eu\/sl\/wp-json\/wp\/v2\/product_cat?post=36172"},{"taxonomy":"product_tag","embeddable":true,"href":"https:\/\/staging.nbg.eu\/sl\/wp-json\/wp\/v2\/product_tag?post=36172"}],"curies":[{"name":"wp","href":"https:\/\/api.w.org\/{rel}","templated":true}]}}