{"id":35676,"date":"2024-07-30T14:27:38","date_gmt":"2024-09-02T13:33:38","guid":{"rendered":"https:\/\/staging.nbg.eu\/product\/blueforcegear-grid-belt\/"},"modified":"2024-09-02T13:34:39","modified_gmt":"2024-09-02T13:34:39","slug":"nozni-jermen-za-adapter-kabure","status":"publish","type":"product","link":"https:\/\/staging.nbg.eu\/sl\/izdelek\/nozni-jermen-za-adapter-kabure\/","title":{"rendered":"No\u017eni jermen za adapter kabure"},"content":{"rendered":"<p>Pas BlueForceGear GRID\u2122 je vsestranski in robusten takti\u010dni pas, zasnovan za maksimalno udobje in funkcionalnost. Z inovativnim sistemom GRID\u2122, zdru\u017eljivim z MOLLE, ta pas omogo\u010da prilagodljivo pritrditev torbic in dodatkov. Izdelan iz trpe\u017enih materialov, nudi vrhunsko trdnost in dolgotrajnost.<\/p>\n<ul>\n<li>Lahka, a \u010dvrsta zasnova<\/li>\n<li>Hitra sponka cobra za enostavno namestitev in odstranitev<\/li>\n<li>Nastavljiv za popolno prileganje<\/li>\n<li>Zdru\u017eljiv s slu\u017ebenim in prikritim nosilcem oro\u017eja<\/li>\n<li>Na voljo v ve\u010d barvah in velikostih<\/li>\n<\/ul>\n<p>Do\u017eivite neprimerljivo podporo in fleksibilnost s pasom BlueForceGear GRID\u2122, idealnim za organe pregona, voja\u0161ko osebje in takti\u010dne navdu\u0161ence.<\/p>\n","protected":false},"excerpt":{"rendered":"<p>Trpe\u017een, nizko profilni takti\u010dni pas za vsestransko pritrditev opreme.<\/p>\n","protected":false},"featured_media":35677,"template":"","meta":{"_acf_changed":false},"product_brand":[11139],"product_cat":[13450,13469],"product_tag":[],"class_list":{"0":"post-35676","1":"product","2":"type-product","3":"status-publish","4":"has-post-thumbnail","6":"product_brand-blue-force-gear","7":"product_cat-oprema","8":"product_cat-takticni-pasovi","10":"first","11":"instock","12":"taxable","13":"shipping-taxable","14":"purchasable","15":"product-type-variable","16":"wvs-archive-product-wrapper"},"acf":[],"_links":{"self":[{"href":"https:\/\/staging.nbg.eu\/sl\/wp-json\/wp\/v2\/product\/35676","targetHints":{"allow":["GET"]}}],"collection":[{"href":"https:\/\/staging.nbg.eu\/sl\/wp-json\/wp\/v2\/product"}],"about":[{"href":"https:\/\/staging.nbg.eu\/sl\/wp-json\/wp\/v2\/types\/product"}],"wp:featuredmedia":[{"embeddable":true,"href":"https:\/\/staging.nbg.eu\/sl\/wp-json\/wp\/v2\/media\/35677"}],"wp:attachment":[{"href":"https:\/\/staging.nbg.eu\/sl\/wp-json\/wp\/v2\/media?parent=35676"}],"wp:term":[{"taxonomy":"product_brand","embeddable":true,"href":"https:\/\/staging.nbg.eu\/sl\/wp-json\/wp\/v2\/product_brand?post=35676"},{"taxonomy":"product_cat","embeddable":true,"href":"https:\/\/staging.nbg.eu\/sl\/wp-json\/wp\/v2\/product_cat?post=35676"},{"taxonomy":"product_tag","embeddable":true,"href":"https:\/\/staging.nbg.eu\/sl\/wp-json\/wp\/v2\/product_tag?post=35676"}],"curies":[{"name":"wp","href":"https:\/\/api.w.org\/{rel}","templated":true}]}}