{"id":34902,"date":"2024-07-30T19:21:28","date_gmt":"2024-08-27T14:43:54","guid":{"rendered":"https:\/\/staging.nbg.eu\/product\/leg-strap-for-holster-adapter\/"},"modified":"2024-08-27T14:44:52","modified_gmt":"2024-08-27T14:44:52","slug":"mag-now-trojna-m4-torbica","status":"publish","type":"product","link":"https:\/\/staging.nbg.eu\/sl\/izdelek\/mag-now-trojna-m4-torbica\/","title":{"rendered":"MAG NOW! TROJNA M4 TORBICA"},"content":{"rendered":"<div class=\"product-description\">\n<h2>BlueForceGear No\u017eni Trak za Adapter Toka<\/h2>\n<p>Izbolj\u0161ajte stabilnost in udobje va\u0161ega toka z BlueForceGear No\u017enim Trakom za Adapter Toka. Ta trpe\u017een, nastavljiv trak je zasnovan za pritrditev va\u0161ega toka na stegno, kar zagotavlja zanesljivo in dosledno potegnitev.<\/p>\n<ul>\n<h3>Zna\u010dilnosti:<\/h3>\n<li>Zdru\u017eljiv z ve\u010dino adapterjev za tok<\/li>\n<li>Nastavljiv za popolno prileganje<\/li>\n<li>Izdelan iz visokokakovostnih, zra\u010dnih materialov<\/li>\n<li>Nedrsljiv dizajn za maksimalno stabilnost<\/li>\n<li>Sponka za hitro odpenjanje za enostavno namestitev\/odstranitev<\/li>\n<\/ul>\n<p>Idealen za uporabo v organih pregona, vojski in civilni uporabi, ta no\u017eni trak zagotavlja, da va\u0161 tok ostane na mestu med intenzivnimi aktivnostmi.<\/p>\n<\/div>\n","protected":false},"excerpt":{"rendered":"<p>Varen trak za nogo izbolj\u0161a stabilnost toka za gladke potege.<\/p>\n","protected":false},"featured_media":34903,"template":"","meta":{"_acf_changed":false},"product_brand":[11139],"product_cat":[13470,13437,13450],"product_tag":[],"class_list":{"0":"post-34902","1":"product","2":"type-product","3":"status-publish","4":"has-post-thumbnail","6":"product_brand-blue-force-gear","7":"product_cat-dodatki-za-toke","8":"product_cat-kabura","9":"product_cat-oprema","11":"first","12":"instock","13":"taxable","14":"shipping-taxable","15":"purchasable","16":"product-type-variable","17":"wvs-archive-product-wrapper"},"acf":[],"_links":{"self":[{"href":"https:\/\/staging.nbg.eu\/sl\/wp-json\/wp\/v2\/product\/34902","targetHints":{"allow":["GET"]}}],"collection":[{"href":"https:\/\/staging.nbg.eu\/sl\/wp-json\/wp\/v2\/product"}],"about":[{"href":"https:\/\/staging.nbg.eu\/sl\/wp-json\/wp\/v2\/types\/product"}],"wp:featuredmedia":[{"embeddable":true,"href":"https:\/\/staging.nbg.eu\/sl\/wp-json\/wp\/v2\/media\/34903"}],"wp:attachment":[{"href":"https:\/\/staging.nbg.eu\/sl\/wp-json\/wp\/v2\/media?parent=34902"}],"wp:term":[{"taxonomy":"product_brand","embeddable":true,"href":"https:\/\/staging.nbg.eu\/sl\/wp-json\/wp\/v2\/product_brand?post=34902"},{"taxonomy":"product_cat","embeddable":true,"href":"https:\/\/staging.nbg.eu\/sl\/wp-json\/wp\/v2\/product_cat?post=34902"},{"taxonomy":"product_tag","embeddable":true,"href":"https:\/\/staging.nbg.eu\/sl\/wp-json\/wp\/v2\/product_tag?post=34902"}],"curies":[{"name":"wp","href":"https:\/\/api.w.org\/{rel}","templated":true}]}}