{"id":34331,"date":"2024-07-30T19:31:05","date_gmt":"2024-08-27T14:09:17","guid":{"rendered":"https:\/\/staging.nbg.eu\/product\/boo-boo-pouch\/"},"modified":"2024-08-27T14:10:42","modified_gmt":"2024-08-27T14:10:42","slug":"enojni-torbica-za-pistolski-nabojnik","status":"publish","type":"product","link":"https:\/\/staging.nbg.eu\/sl\/izdelek\/enojni-torbica-za-pistolski-nabojnik\/","title":{"rendered":"Enojni torbica za pi\u0161tolski nabojnik"},"content":{"rendered":"<p>Boo Boo torbica znamke Blue Force Gear je kompakten, vsestranski medicinski komplet, zasnovan za vsakodnevno no\u0161enje. Ta lahka torbica se enostavno pritrdi na va\u0161o opremo z uporabo MOLLE\/PALS sistema ali pasnih zank. Izdelana je iz trpe\u017enega 500D Cordura najlona in je zasnovana za vzdr\u017eljivost v zahtevnih pogojih.<\/p>\n<ul>\n<li>Dimenzije: 10,16 cm x 10,16 cm x 5,08 cm<\/li>\n<li>Ve\u010d mo\u017enosti pritrditve<\/li>\n<li>Notranje elasti\u010dne zanke za organizacijo<\/li>\n<li>Na voljo v razli\u010dnih barvah<\/li>\n<li>Idealno za shranjevanje osnovnih pripomo\u010dkov za prvo pomo\u010d<\/li>\n<\/ul>\n<p>Ne glede na to, ali se odpravite na pohod, taborjenje ali ste na dol\u017enosti, Boo Boo torbica zagotavlja, da ste pripravljeni na manj\u0161e po\u0161kodbe in nujne primere. Kompaktna, a prostorna, je bistvena dodatek k va\u0161i vsakodnevni opremi.<\/p>\n","protected":false},"excerpt":{"rendered":"<p>Kompaktna medicinska torbica za nujno prvo pomo\u010d na poti.<\/p>\n","protected":false},"featured_media":34337,"template":"","meta":{"_acf_changed":false},"product_brand":[11139],"product_cat":[13450,13441],"product_tag":[],"class_list":{"0":"post-34331","1":"product","2":"type-product","3":"status-publish","4":"has-post-thumbnail","6":"product_brand-blue-force-gear","7":"product_cat-oprema","8":"product_cat-torbice","10":"first","11":"instock","12":"taxable","13":"shipping-taxable","14":"purchasable","15":"product-type-variable","16":"wvs-archive-product-wrapper"},"acf":[],"_links":{"self":[{"href":"https:\/\/staging.nbg.eu\/sl\/wp-json\/wp\/v2\/product\/34331","targetHints":{"allow":["GET"]}}],"collection":[{"href":"https:\/\/staging.nbg.eu\/sl\/wp-json\/wp\/v2\/product"}],"about":[{"href":"https:\/\/staging.nbg.eu\/sl\/wp-json\/wp\/v2\/types\/product"}],"wp:featuredmedia":[{"embeddable":true,"href":"https:\/\/staging.nbg.eu\/sl\/wp-json\/wp\/v2\/media\/34337"}],"wp:attachment":[{"href":"https:\/\/staging.nbg.eu\/sl\/wp-json\/wp\/v2\/media?parent=34331"}],"wp:term":[{"taxonomy":"product_brand","embeddable":true,"href":"https:\/\/staging.nbg.eu\/sl\/wp-json\/wp\/v2\/product_brand?post=34331"},{"taxonomy":"product_cat","embeddable":true,"href":"https:\/\/staging.nbg.eu\/sl\/wp-json\/wp\/v2\/product_cat?post=34331"},{"taxonomy":"product_tag","embeddable":true,"href":"https:\/\/staging.nbg.eu\/sl\/wp-json\/wp\/v2\/product_tag?post=34331"}],"curies":[{"name":"wp","href":"https:\/\/api.w.org\/{rel}","templated":true}]}}