{"id":33778,"date":"2024-07-30T19:33:04","date_gmt":"2024-08-27T13:14:38","guid":{"rendered":"https:\/\/staging.nbg.eu\/product\/mag-now-single-pistol-pouch-bullets-flat\/"},"modified":"2024-08-27T13:15:51","modified_gmt":"2024-08-27T13:15:51","slug":"nizko-profilna-vecnamenska-torbica","status":"publish","type":"product","link":"https:\/\/staging.nbg.eu\/sl\/izdelek\/nizko-profilna-vecnamenska-torbica\/","title":{"rendered":"Nizko profilna ve\u010dnamenska torbica"},"content":{"rendered":"<p>\n<strong>MAG NOW! SINGLE PISTOL POUCH (BULLETS FLAT)<\/strong> podjetja Blue Force Gear je vsestranska in trpe\u017ena re\u0161itev za no\u0161enje pi\u0161tolskega nabojnika. Lastnosti:<\/p>\n<ul>\n<li>Nizek profil za diskretno no\u0161enje<\/li>\n<li>Varno zadr\u017eevanje s hitrim odpenjanjem<\/li>\n<li>Zdru\u017eljiv z ve\u010dino dvojnih pi\u0161tolskih nabojnikov<\/li>\n<li>Lahka konstrukcija iz materiala ULTRAcomp<\/li>\n<li>Zdru\u017eljiv s sistemom MOLLE\/PALS<\/li>\n<li>Na voljo v ve\u010d barvah<\/li>\n<\/ul>\n<p>Popoln za voja\u0161ko, policijsko in civilno uporabo, ta torbica omogo\u010da hiter dostop in zanesljivo delovanje v vseh situacijah. Nadgradite svojo opremo z inovativno zasnovo Blue Force Gear.<\/p>\n","protected":false},"excerpt":{"rendered":"<p>Ozek, varen etui za pi\u0161tolski nabojnik. Plo\u0161\u010dati naboji. Zasnova za hiter dostop.<\/p>\n","protected":false},"featured_media":33779,"template":"","meta":{"_acf_changed":false},"product_brand":[11139],"product_cat":[13450,13441],"product_tag":[],"class_list":{"0":"post-33778","1":"product","2":"type-product","3":"status-publish","4":"has-post-thumbnail","6":"product_brand-blue-force-gear","7":"product_cat-oprema","8":"product_cat-torbice","10":"first","11":"instock","12":"taxable","13":"shipping-taxable","14":"purchasable","15":"product-type-variable","16":"wvs-archive-product-wrapper"},"acf":[],"_links":{"self":[{"href":"https:\/\/staging.nbg.eu\/sl\/wp-json\/wp\/v2\/product\/33778","targetHints":{"allow":["GET"]}}],"collection":[{"href":"https:\/\/staging.nbg.eu\/sl\/wp-json\/wp\/v2\/product"}],"about":[{"href":"https:\/\/staging.nbg.eu\/sl\/wp-json\/wp\/v2\/types\/product"}],"wp:featuredmedia":[{"embeddable":true,"href":"https:\/\/staging.nbg.eu\/sl\/wp-json\/wp\/v2\/media\/33779"}],"wp:attachment":[{"href":"https:\/\/staging.nbg.eu\/sl\/wp-json\/wp\/v2\/media?parent=33778"}],"wp:term":[{"taxonomy":"product_brand","embeddable":true,"href":"https:\/\/staging.nbg.eu\/sl\/wp-json\/wp\/v2\/product_brand?post=33778"},{"taxonomy":"product_cat","embeddable":true,"href":"https:\/\/staging.nbg.eu\/sl\/wp-json\/wp\/v2\/product_cat?post=33778"},{"taxonomy":"product_tag","embeddable":true,"href":"https:\/\/staging.nbg.eu\/sl\/wp-json\/wp\/v2\/product_tag?post=33778"}],"curies":[{"name":"wp","href":"https:\/\/api.w.org\/{rel}","templated":true}]}}