{"id":33369,"date":"2024-01-30T18:06:01","date_gmt":"2024-08-27T12:55:45","guid":{"rendered":"https:\/\/staging.nbg.eu\/product\/plate6-molleminus-plate-carrier\/"},"modified":"2024-08-27T12:57:03","modified_gmt":"2024-08-27T12:57:03","slug":"ten-speed-sf-prsni-pas-m4-ar-15","status":"publish","type":"product","link":"https:\/\/staging.nbg.eu\/sl\/izdelek\/ten-speed-sf-prsni-pas-m4-ar-15\/","title":{"rendered":"Ten-Speed\u00ae SF prsni pas M4 (AR-15)"},"content":{"rendered":"<p>\nNosilec plo\u0161\u010d PLATE6\u00ae MOLLEminus podjetja BlueForceGear je lahka re\u0161itev z nizkim profilom za takti\u010dne operaterje. Zna\u010dilnosti:<\/p>\n<ul>\n<li>Lastni\u0161ka konstrukcija iz laminata ULTRAcomp\u00ae<\/li>\n<li>Inovativni pritrdilni sistem MOLLEminus<\/li>\n<li>Nastavljivi naramni trakovi in pas<\/li>\n<li>Zdru\u017eljiv s plo\u0161\u010dami SAPI\/ESAPI do velikosti 25,4 x 30,5 cm<\/li>\n<li>Sistem za hitro odpenjanje za hitro sla\u010denje<\/li>\n<li>Lasersko izrezane prezra\u010devalne odprtine za bolj\u0161e dihanje<\/li>\n<li>Na voljo v ve\u010d barvah<\/li>\n<\/ul>\n<p>PLATE6\u00ae, zasnovan za najve\u010djo mobilnost in najmanj\u0161o te\u017eo, nudi vrhunsko za\u0161\u010dito brez kompromisov pri agilnosti. Popoln za voja\u0161ke, policijske in varnostne strokovnjake, ki zahtevajo najbolj\u0161o takti\u010dno opremo.<\/p>\n","protected":false},"excerpt":{"rendered":"<p>Ultralahek, nizkoprofilni nosilec plo\u0161\u010d. Prilagodljiv, udoben, trpe\u017een.<\/p>\n","protected":false},"featured_media":33373,"template":"","meta":{"_acf_changed":false},"product_brand":[11138],"product_cat":[13465,13450],"product_tag":[],"class_list":{"0":"post-33369","1":"product","2":"type-product","3":"status-publish","4":"has-post-thumbnail","6":"product_brand-blue-force-gear","7":"product_cat-nosilne-plosce","8":"product_cat-oprema","10":"first","11":"instock","12":"taxable","13":"shipping-taxable","14":"purchasable","15":"product-type-variable","16":"wvs-archive-product-wrapper"},"acf":[],"_links":{"self":[{"href":"https:\/\/staging.nbg.eu\/sl\/wp-json\/wp\/v2\/product\/33369","targetHints":{"allow":["GET"]}}],"collection":[{"href":"https:\/\/staging.nbg.eu\/sl\/wp-json\/wp\/v2\/product"}],"about":[{"href":"https:\/\/staging.nbg.eu\/sl\/wp-json\/wp\/v2\/types\/product"}],"wp:featuredmedia":[{"embeddable":true,"href":"https:\/\/staging.nbg.eu\/sl\/wp-json\/wp\/v2\/media\/33373"}],"wp:attachment":[{"href":"https:\/\/staging.nbg.eu\/sl\/wp-json\/wp\/v2\/media?parent=33369"}],"wp:term":[{"taxonomy":"product_brand","embeddable":true,"href":"https:\/\/staging.nbg.eu\/sl\/wp-json\/wp\/v2\/product_brand?post=33369"},{"taxonomy":"product_cat","embeddable":true,"href":"https:\/\/staging.nbg.eu\/sl\/wp-json\/wp\/v2\/product_cat?post=33369"},{"taxonomy":"product_tag","embeddable":true,"href":"https:\/\/staging.nbg.eu\/sl\/wp-json\/wp\/v2\/product_tag?post=33369"}],"curies":[{"name":"wp","href":"https:\/\/api.w.org\/{rel}","templated":true}]}}