{"id":32904,"date":"2024-07-30T19:40:48","date_gmt":"2024-08-27T12:39:52","guid":{"rendered":"https:\/\/staging.nbg.eu\/product\/ten-speed-sf-chest-rig-sr25-ar-10\/"},"modified":"2024-08-27T12:43:41","modified_gmt":"2024-08-27T12:43:41","slug":"daa-22x22mm-tarcne-nalepke","status":"publish","type":"product","link":"https:\/\/staging.nbg.eu\/sl\/izdelek\/daa-22x22mm-tarcne-nalepke\/","title":{"rendered":"Daa 22X22Mm tar\u010dne nalepke"},"content":{"rendered":"<div class=\"product-description\">\n<h2>Ten-Speed\u00ae SF prsni nosilec SR25 (AR-10) podjetja BlueForceGear<\/h2>\n<p>Zasnovan za maksimalno vsestranskost in udobje, ta lahek prsni nosilec je popoln za SR25 in AR-10 nabojnike. Zna\u010dilnosti vklju\u010dujejo:<\/p>\n<ul>\n<li>Tri Ten-Speed\u00ae ve\u010dnamenske \u017eepe za nabojnike ali dodatke<\/li>\n<li>Nastavljive ramenske trakove in pas za varno prileganje<\/li>\n<li>Izdelan iz trpe\u017ene ULTRAcomp\u00ae tkanine<\/li>\n<li>Zdru\u017eljiv z razli\u010dnimi BlueForceGear dodatki<\/li>\n<li>Na voljo v ve\u010d barvah<\/li>\n<\/ul>\n<p>Idealen za vojsko, policijo in tekmovalne strelce, ki i\u0161\u010dejo nizko-profilno, visoko-zmogljivo re\u0161itev prsnega nosilca.<\/p>\n<\/div>\n","protected":false},"excerpt":{"rendered":"<p>Lahek prsni nosilec za AR-10\/SR25 nabojnike. Hiter dostop, modularna zasnova.<\/p>\n","protected":false},"featured_media":32908,"template":"","meta":{"_acf_changed":false},"product_brand":[11139],"product_cat":[13450,13492],"product_tag":[],"class_list":{"0":"post-32904","1":"product","2":"type-product","3":"status-publish","4":"has-post-thumbnail","6":"product_brand-blue-force-gear","7":"product_cat-oprema","8":"product_cat-prsni-jermeni","10":"first","11":"instock","12":"taxable","13":"shipping-taxable","14":"purchasable","15":"product-type-variable","16":"wvs-archive-product-wrapper"},"acf":[],"_links":{"self":[{"href":"https:\/\/staging.nbg.eu\/sl\/wp-json\/wp\/v2\/product\/32904","targetHints":{"allow":["GET"]}}],"collection":[{"href":"https:\/\/staging.nbg.eu\/sl\/wp-json\/wp\/v2\/product"}],"about":[{"href":"https:\/\/staging.nbg.eu\/sl\/wp-json\/wp\/v2\/types\/product"}],"wp:featuredmedia":[{"embeddable":true,"href":"https:\/\/staging.nbg.eu\/sl\/wp-json\/wp\/v2\/media\/32908"}],"wp:attachment":[{"href":"https:\/\/staging.nbg.eu\/sl\/wp-json\/wp\/v2\/media?parent=32904"}],"wp:term":[{"taxonomy":"product_brand","embeddable":true,"href":"https:\/\/staging.nbg.eu\/sl\/wp-json\/wp\/v2\/product_brand?post=32904"},{"taxonomy":"product_cat","embeddable":true,"href":"https:\/\/staging.nbg.eu\/sl\/wp-json\/wp\/v2\/product_cat?post=32904"},{"taxonomy":"product_tag","embeddable":true,"href":"https:\/\/staging.nbg.eu\/sl\/wp-json\/wp\/v2\/product_tag?post=32904"}],"curies":[{"name":"wp","href":"https:\/\/api.w.org\/{rel}","templated":true}]}}