{"id":31643,"date":"2024-08-18T19:30:03","date_gmt":"2024-08-24T13:47:06","guid":{"rendered":"https:\/\/staging.nbg.eu\/product\/daa-22x22mm-target-patches\/"},"modified":"2024-09-10T07:36:21","modified_gmt":"2024-09-10T07:36:21","slug":"mrbulletfeeder-by-double-alpha-gen-2","status":"publish","type":"product","link":"https:\/\/staging.nbg.eu\/sl\/izdelek\/mrbulletfeeder-by-double-alpha-gen-2\/","title":{"rendered":"Mr.Bulletfeeder By Double-Alpha Gen 2"},"content":{"rendered":"<div class=\"product-description\">\n<h2>DAA 22x22mm Tar\u010dne Nalepke<\/h2>\n<p>Izbolj\u0161ajte svojo strelsko izku\u0161njo z DAA-jevimi po meri izdelanimi tar\u010dnimi nalepkami, zasnovanimi tako, da se popolnoma zlijejo z obi\u010dajnimi kartonastimi tar\u010dami.<\/p>\n<ul>\n<li>Barvno usklajene za skoraj nevidno uporabo na obi\u010dajnih tar\u010dah<\/li>\n<li>Edinstvena kvadratna oblika 22x22mm za ve\u010djo pokritost<\/li>\n<li>La\u017eje in hitreje jih je nanesti kot standardne okrogle nalepke<\/li>\n<li>1.000 nalepk na roli, 10 rol v tulcu<\/li>\n<\/ul>\n<p>Te vrhunske nalepke ponujajo bolj\u0161o pokritost in u\u010dinkovitost v primerjavi s standardnimi 20mm okroglimi nalepkami. Njihova kvadratna oblika omogo\u010da hitrej\u0161o uporabo brez potrebe po natan\u010dnem ciljanju. Ne glede na to, ali ste profesionalni ali rekreativni strelec, DAA tar\u010dne nalepke ponujajo brezhibno re\u0161itev za podalj\u0161anje \u017eivljenjske dobe va\u0161ih tar\u010d v vseh vremenskih pogojih.<\/p>\n<\/div>\n","protected":false},"excerpt":{"rendered":"<p>Vremsko odporne 22x22mm tar\u010dne nalepke. 1000\/zvitek, 10 zvitkov\/paket.<\/p>\n","protected":false},"featured_media":29111,"template":"","meta":{"_acf_changed":false},"product_brand":[11274],"product_cat":[13448,13456,13481],"product_tag":[],"class_list":{"0":"post-31643","1":"product","2":"type-product","3":"status-publish","4":"has-post-thumbnail","6":"product_brand-doublealpha","7":"product_cat-oblizi-in-aplikatorji","8":"product_cat-papirnate-tarce","9":"product_cat-tarce","11":"first","12":"instock","13":"taxable","14":"shipping-taxable","15":"purchasable","16":"product-type-variable","17":"wvs-archive-product-wrapper"},"acf":[],"_links":{"self":[{"href":"https:\/\/staging.nbg.eu\/sl\/wp-json\/wp\/v2\/product\/31643","targetHints":{"allow":["GET"]}}],"collection":[{"href":"https:\/\/staging.nbg.eu\/sl\/wp-json\/wp\/v2\/product"}],"about":[{"href":"https:\/\/staging.nbg.eu\/sl\/wp-json\/wp\/v2\/types\/product"}],"wp:featuredmedia":[{"embeddable":true,"href":"https:\/\/staging.nbg.eu\/sl\/wp-json\/wp\/v2\/media\/29111"}],"wp:attachment":[{"href":"https:\/\/staging.nbg.eu\/sl\/wp-json\/wp\/v2\/media?parent=31643"}],"wp:term":[{"taxonomy":"product_brand","embeddable":true,"href":"https:\/\/staging.nbg.eu\/sl\/wp-json\/wp\/v2\/product_brand?post=31643"},{"taxonomy":"product_cat","embeddable":true,"href":"https:\/\/staging.nbg.eu\/sl\/wp-json\/wp\/v2\/product_cat?post=31643"},{"taxonomy":"product_tag","embeddable":true,"href":"https:\/\/staging.nbg.eu\/sl\/wp-json\/wp\/v2\/product_tag?post=31643"}],"curies":[{"name":"wp","href":"https:\/\/api.w.org\/{rel}","templated":true}]}}