{"id":31575,"date":"2024-08-18T19:35:37","date_gmt":"2024-08-24T13:44:55","guid":{"rendered":"https:\/\/staging.nbg.eu\/product\/mr-bulletfeeder-by-double-alpha-gen-2\/"},"modified":"2024-08-24T13:46:03","modified_gmt":"2024-08-24T13:46:03","slug":"flex-kabura-rezervni-komplet-stranskih-distancnikov","status":"publish","type":"product","link":"https:\/\/staging.nbg.eu\/sl\/izdelek\/flex-kabura-rezervni-komplet-stranskih-distancnikov\/","title":{"rendered":"Flex kabura &#8211; rezervni komplet stranskih distan\u010dnikov"},"content":{"rendered":"<div class=\"product-description\">\n<h2>Mr.Bulletfeeder By Double-Alpha Gen 2<\/h2>\n<p>Revolucionirajte svoj proces ponovnega polnjenja z Mr.Bulletfeeder By Double-Alpha Gen 2. Ta napredni sistem za dovajanje krogel se brezhibno integrira z va\u0161o progresivno stiskalnico za ponovno polnjenje in dramati\u010dno pove\u010da hitrost in u\u010dinkovitost va\u0161e proizvodnje.<\/p>\n<ul>\n<li>Zdru\u017eljiv z ve\u010d kalibri<\/li>\n<li>Enostavna namestitev in prilagoditev<\/li>\n<li>Precizno izdelan za zanesljivo delovanje<\/li>\n<li>Zmanj\u0161uje ro\u010dno rokovanje za varnej\u0161e ponovno polnjenje<\/li>\n<li>Trpe\u017ena konstrukcija za dolgotrajno uporabo<\/li>\n<\/ul>\n<p>Nadgradite svojo opremo za ponovno polnjenje \u017ee danes in izkusite razliko z Mr.Bulletfeeder Gen 2!<\/p>\n<\/div>\n","protected":false},"excerpt":{"rendered":"<p>U\u010dinkovit podajalnik nabojev za hitro in natan\u010dno polnjenje. Izbolj\u0161a produktivnost.<\/p>\n","protected":false},"featured_media":29318,"template":"","meta":{"_acf_changed":false},"product_brand":[11274],"product_cat":[13479,13451],"product_tag":[],"class_list":{"0":"post-31575","1":"product","2":"type-product","3":"status-publish","4":"has-post-thumbnail","6":"product_brand-doublealpha","7":"product_cat-ponovno-polnjenje","8":"product_cat-stroji-za-polnjenje","10":"first","11":"instock","12":"taxable","13":"shipping-taxable","14":"purchasable","15":"product-type-variable","16":"wvs-archive-product-wrapper"},"acf":[],"_links":{"self":[{"href":"https:\/\/staging.nbg.eu\/sl\/wp-json\/wp\/v2\/product\/31575","targetHints":{"allow":["GET"]}}],"collection":[{"href":"https:\/\/staging.nbg.eu\/sl\/wp-json\/wp\/v2\/product"}],"about":[{"href":"https:\/\/staging.nbg.eu\/sl\/wp-json\/wp\/v2\/types\/product"}],"wp:featuredmedia":[{"embeddable":true,"href":"https:\/\/staging.nbg.eu\/sl\/wp-json\/wp\/v2\/media\/29318"}],"wp:attachment":[{"href":"https:\/\/staging.nbg.eu\/sl\/wp-json\/wp\/v2\/media?parent=31575"}],"wp:term":[{"taxonomy":"product_brand","embeddable":true,"href":"https:\/\/staging.nbg.eu\/sl\/wp-json\/wp\/v2\/product_brand?post=31575"},{"taxonomy":"product_cat","embeddable":true,"href":"https:\/\/staging.nbg.eu\/sl\/wp-json\/wp\/v2\/product_cat?post=31575"},{"taxonomy":"product_tag","embeddable":true,"href":"https:\/\/staging.nbg.eu\/sl\/wp-json\/wp\/v2\/product_tag?post=31575"}],"curies":[{"name":"wp","href":"https:\/\/api.w.org\/{rel}","templated":true}]}}