{"id":31118,"date":"2024-08-18T19:53:51","date_gmt":"2024-08-24T13:32:18","guid":{"rendered":"https:\/\/staging.nbg.eu\/product\/daa-dry-fire-practice-mag\/"},"modified":"2024-08-24T13:33:41","modified_gmt":"2024-08-24T13:33:41","slug":"admin-dapper-torbica","status":"publish","type":"product","link":"https:\/\/staging.nbg.eu\/sl\/izdelek\/admin-dapper-torbica\/","title":{"rendered":"Admin Dapper torbica"},"content":{"rendered":"<div class=\"product-description\">\n<h2>Daa vadbeni nabojnik za suho streljanje Double Alpha Academy<\/h2>\n<p>Izbolj\u0161ajte svoje strelske ve\u0161\u010dine z Daa vadbenim nabojnikom za suho streljanje. To inovativno orodje omogo\u010da varno in u\u010dinkovito vadbo suhega streljanja doma ali na streli\u0161\u010du.<\/p>\n<ul>\n<li>Zdru\u017eljiv z ve\u010dino 9mm\/.40 nabojnikov z dvojnim stolpcem<\/li>\n<li>Realisti\u010dna te\u017ea in ob\u010dutek za pristno vadbo<\/li>\n<li>Trpe\u017ena konstrukcija za dolgotrajno uporabo<\/li>\n<li>Pomaga izbolj\u0161ati nadzor spro\u017eilca in poravnavo merkov<\/li>\n<li>Popoln za tekmovalce IPSC in USPSA<\/li>\n<\/ul>\n<p>Dvignite svoje strelske sposobnosti brez pravega streliva. Naro\u010dite svoj Daa vadbeni nabojnik za suho streljanje \u0161e danes!<\/p>\n<\/div>\n","protected":false},"excerpt":{"rendered":"<p>Daa Suhi-Ognjeni Nabojnik: Varna, realisti\u010dna vadba strelskih ve\u0161\u010din s pi\u0161tolo.<\/p>\n","protected":false},"featured_media":29847,"template":"","meta":{"_acf_changed":false},"product_brand":[11274],"product_cat":[13450,13471],"product_tag":[],"class_list":{"0":"post-31118","1":"product","2":"type-product","3":"status-publish","4":"has-post-thumbnail","6":"product_brand-doublealpha","7":"product_cat-oprema","8":"product_cat-suhi-strel","10":"first","11":"instock","12":"taxable","13":"shipping-taxable","14":"purchasable","15":"product-type-variable","16":"wvs-archive-product-wrapper"},"acf":[],"_links":{"self":[{"href":"https:\/\/staging.nbg.eu\/sl\/wp-json\/wp\/v2\/product\/31118","targetHints":{"allow":["GET"]}}],"collection":[{"href":"https:\/\/staging.nbg.eu\/sl\/wp-json\/wp\/v2\/product"}],"about":[{"href":"https:\/\/staging.nbg.eu\/sl\/wp-json\/wp\/v2\/types\/product"}],"wp:featuredmedia":[{"embeddable":true,"href":"https:\/\/staging.nbg.eu\/sl\/wp-json\/wp\/v2\/media\/29847"}],"wp:attachment":[{"href":"https:\/\/staging.nbg.eu\/sl\/wp-json\/wp\/v2\/media?parent=31118"}],"wp:term":[{"taxonomy":"product_brand","embeddable":true,"href":"https:\/\/staging.nbg.eu\/sl\/wp-json\/wp\/v2\/product_brand?post=31118"},{"taxonomy":"product_cat","embeddable":true,"href":"https:\/\/staging.nbg.eu\/sl\/wp-json\/wp\/v2\/product_cat?post=31118"},{"taxonomy":"product_tag","embeddable":true,"href":"https:\/\/staging.nbg.eu\/sl\/wp-json\/wp\/v2\/product_tag?post=31118"}],"curies":[{"name":"wp","href":"https:\/\/api.w.org\/{rel}","templated":true}]}}