{"id":31058,"date":"2024-08-19T17:23:05","date_gmt":"2024-08-24T13:29:27","guid":{"rendered":"https:\/\/staging.nbg.eu\/product\/admin-dapper-pouch\/"},"modified":"2024-09-02T13:29:33","modified_gmt":"2024-09-02T13:29:33","slug":"sordin-supreme-pro-x-zascita-za-sluh","status":"publish","type":"product","link":"https:\/\/staging.nbg.eu\/sl\/izdelek\/sordin-supreme-pro-x-zascita-za-sluh\/","title":{"rendered":"Sordin Supreme-Pro X za\u0161\u010dita za sluh"},"content":{"rendered":"<div class=\"product-description\">\n<h2>BlueForceGear Admin Dapper torbica<\/h2>\n<p>Organizirajte svoje najpomembnej\u0161e stvari z ve\u010dnamensko Admin Dapper torbico podjetja BlueForceGear. Ta kompaktna in lahka torbica vklju\u010duje:<\/p>\n<ul>\n<li>Trpe\u017eno 500D Cordura konstrukcijo<\/li>\n<li>Ve\u010d notranjih \u017eepov za u\u010dinkovito shranjevanje<\/li>\n<li>Elasti\u010dne zanke za varno pritrditev predmetov<\/li>\n<li>YKK zadrgo za hiter dostop<\/li>\n<\/ul>\n<p>Popolna za vojsko, organe pregona ali vsakodnevno no\u0161enje, Admin Dapper torbica ohranja va\u0161o opremo organizirano in dostopno. Na voljo v ve\u010d barvah, da se ujema z va\u0161o opremo ali \u017eeljami.<\/p>\n<\/div>\n","protected":false},"excerpt":{"rendered":"<p>Kompaktna, vsestranska administrativna torbica za vsakodnevne pripomo\u010dke. Trpe\u017ena in elegantna.<\/p>\n","protected":false},"featured_media":22419,"template":"","meta":{"_acf_changed":false},"product_brand":[11139],"product_cat":[13450,13441],"product_tag":[],"class_list":{"0":"post-31058","1":"product","2":"type-product","3":"status-publish","4":"has-post-thumbnail","6":"product_brand-blue-force-gear","7":"product_cat-oprema","8":"product_cat-torbice","10":"first","11":"instock","12":"taxable","13":"shipping-taxable","14":"purchasable","15":"product-type-simple"},"acf":[],"_links":{"self":[{"href":"https:\/\/staging.nbg.eu\/sl\/wp-json\/wp\/v2\/product\/31058","targetHints":{"allow":["GET"]}}],"collection":[{"href":"https:\/\/staging.nbg.eu\/sl\/wp-json\/wp\/v2\/product"}],"about":[{"href":"https:\/\/staging.nbg.eu\/sl\/wp-json\/wp\/v2\/types\/product"}],"wp:featuredmedia":[{"embeddable":true,"href":"https:\/\/staging.nbg.eu\/sl\/wp-json\/wp\/v2\/media\/22419"}],"wp:attachment":[{"href":"https:\/\/staging.nbg.eu\/sl\/wp-json\/wp\/v2\/media?parent=31058"}],"wp:term":[{"taxonomy":"product_brand","embeddable":true,"href":"https:\/\/staging.nbg.eu\/sl\/wp-json\/wp\/v2\/product_brand?post=31058"},{"taxonomy":"product_cat","embeddable":true,"href":"https:\/\/staging.nbg.eu\/sl\/wp-json\/wp\/v2\/product_cat?post=31058"},{"taxonomy":"product_tag","embeddable":true,"href":"https:\/\/staging.nbg.eu\/sl\/wp-json\/wp\/v2\/product_tag?post=31058"}],"curies":[{"name":"wp","href":"https:\/\/api.w.org\/{rel}","templated":true}]}}