{"id":31027,"date":"2024-08-18T19:55:34","date_gmt":"2024-08-24T13:24:22","guid":{"rendered":"https:\/\/staging.nbg.eu\/product\/izdelek-3\/"},"modified":"2024-08-24T13:26:31","modified_gmt":"2024-08-24T13:26:31","slug":"vzmetni-zatic-za-drsni-zaustavnik-kmr","status":"publish","type":"product","link":"https:\/\/staging.nbg.eu\/sl\/izdelek\/vzmetni-zatic-za-drsni-zaustavnik-kmr\/","title":{"rendered":"Vzmetni zati\u010d za drsni zaustavnik KMR"},"content":{"rendered":"<div class=\"product-description\">\n<h2>Sordin Supreme-Pro X Za\u0161\u010dita Sluha<\/h2>\n<p>Do\u017eivite vrhunsko za\u0161\u010dito sluha s Sordin Supreme-Pro X. Te napredne nau\u0161nike ponujajo:<\/p>\n<ul>\n<li>Aktivno du\u0161enje hrupa za optimalno varnost<\/li>\n<li>Oja\u010danje okoli\u0161kih zvokov za zavedanje situacije<\/li>\n<li>Vodoodporno zasnovo za uporabo v vseh vremenskih razmerah<\/li>\n<li>Udobno, ergonomsko prileganje za dolgotrajno no\u0161enje<\/li>\n<li>Tanek profil za nemoteno integracijo z drugo opremo<\/li>\n<\/ul>\n<p>Supreme-Pro X je popoln za streljanje, lov ali industrijsko uporabo ter zagotavlja neprimerljivo za\u0161\u010dito sluha, ne da bi pri tem ogrozil komunikacijo ali zavedanje okolja. Za\u0161\u010ditite svoj sluh z najsodobnej\u0161o tehnologijo Sordin.<\/p>\n<\/div>\n","protected":false},"excerpt":{"rendered":"<p>Sordin Supreme-Pro X: Vrhunska za\u0161\u010dita za u\u0161esa s kristalno \u010distim zvokom.<\/p>\n","protected":false},"featured_media":30284,"template":"","meta":{"_acf_changed":false},"product_brand":[],"product_cat":[13499,13450,13445],"product_tag":[],"class_list":{"0":"post-31027","1":"product","2":"type-product","3":"status-publish","4":"has-post-thumbnail","6":"product_cat-nekategorizirano","7":"product_cat-oprema","8":"product_cat-zascita-za-usesa","10":"first","11":"instock","12":"taxable","13":"shipping-taxable","14":"purchasable","15":"product-type-variable","16":"wvs-archive-product-wrapper"},"acf":[],"_links":{"self":[{"href":"https:\/\/staging.nbg.eu\/sl\/wp-json\/wp\/v2\/product\/31027","targetHints":{"allow":["GET"]}}],"collection":[{"href":"https:\/\/staging.nbg.eu\/sl\/wp-json\/wp\/v2\/product"}],"about":[{"href":"https:\/\/staging.nbg.eu\/sl\/wp-json\/wp\/v2\/types\/product"}],"wp:featuredmedia":[{"embeddable":true,"href":"https:\/\/staging.nbg.eu\/sl\/wp-json\/wp\/v2\/media\/30284"}],"wp:attachment":[{"href":"https:\/\/staging.nbg.eu\/sl\/wp-json\/wp\/v2\/media?parent=31027"}],"wp:term":[{"taxonomy":"product_brand","embeddable":true,"href":"https:\/\/staging.nbg.eu\/sl\/wp-json\/wp\/v2\/product_brand?post=31027"},{"taxonomy":"product_cat","embeddable":true,"href":"https:\/\/staging.nbg.eu\/sl\/wp-json\/wp\/v2\/product_cat?post=31027"},{"taxonomy":"product_tag","embeddable":true,"href":"https:\/\/staging.nbg.eu\/sl\/wp-json\/wp\/v2\/product_tag?post=31027"}],"curies":[{"name":"wp","href":"https:\/\/api.w.org\/{rel}","templated":true}]}}