{"id":290608,"date":"2025-03-02T07:15:36","date_gmt":"2025-03-02T07:15:36","guid":{"rendered":"https:\/\/staging.nbg.eu\/prodcut\/two-vets-tripod-with-area-419-arcalock-dual-clamp-the-qdt-v2-ls-i\/"},"modified":"2025-03-27T10:51:17","modified_gmt":"2025-03-27T10:51:17","slug":"two-vets-stojalo-z-area-419-arcalock-dvojno-objemko-the-qdt-v2-ls-i","status":"publish","type":"product","link":"https:\/\/staging.nbg.eu\/sl\/izdelek\/two-vets-stojalo-z-area-419-arcalock-dvojno-objemko-the-qdt-v2-ls-i\/","title":{"rendered":"Two Vets Stojalo z Area 419 ARCALOCK Dvojno Objemko &#8211; The QDT V2 LS I"},"content":{"rendered":"<h2>Two Vets stojalo s Area 419 ARCALOCK dvojno objemko &#8211; QDT V2 LS I<\/h2>\n<p>GripChanger je nova dodatek k na\u0161i liniji dodatkov za streljanje. Ta kompaktna, 450-gramska vre\u010da je namenjena hitremu postavljanju polo\u017eaja in uporabi v majhnih odprtinah. Njena oprijemljiva, gosto polnjena zasnova omogo\u010da oprijem na katerikoli povr\u0161ini in zagotavlja stabilno platformo.<\/p>\n<h2>Komplet vklju\u010duje:<\/h2>\n<ul>\n<li>1 Area 419 GripChanger vre\u010da po meri<\/li>\n<li>1 ARCALOCK objemka<\/li>\n<li>1 Area 419 Rail Changer roka<\/li>\n<\/ul>\n<p><strong>Dimenzije:<\/strong> 25,4 cm \u00d7 7,6 cm \u00d7 5,1 cm<br \/>\n<strong>Proizvajalec:<\/strong> Armageddon Gear<\/p>\n<p>GripChanger komplet je vsestranski in zanesljiv pripomo\u010dek za streljanje.<\/p>\n","protected":false},"excerpt":{"rendered":"<p>Vsestranski trino\u017enik z dvojno sponko za hitre in stabilne polo\u017eaje snemanja.<\/p>\n","protected":false},"featured_media":233737,"template":"","meta":{"_acf_changed":false},"product_brand":[11041,11052],"product_cat":[13476,13483],"product_tag":[],"class_list":{"0":"post-290608","1":"product","2":"type-product","3":"status-publish","4":"has-post-thumbnail","6":"product_brand-area-419","8":"product_cat-dvonozniki","9":"product_cat-puska","11":"first","12":"instock","13":"taxable","14":"shipping-taxable","15":"purchasable","16":"product-type-simple"},"acf":[],"_links":{"self":[{"href":"https:\/\/staging.nbg.eu\/sl\/wp-json\/wp\/v2\/product\/290608","targetHints":{"allow":["GET"]}}],"collection":[{"href":"https:\/\/staging.nbg.eu\/sl\/wp-json\/wp\/v2\/product"}],"about":[{"href":"https:\/\/staging.nbg.eu\/sl\/wp-json\/wp\/v2\/types\/product"}],"wp:featuredmedia":[{"embeddable":true,"href":"https:\/\/staging.nbg.eu\/sl\/wp-json\/wp\/v2\/media\/233737"}],"wp:attachment":[{"href":"https:\/\/staging.nbg.eu\/sl\/wp-json\/wp\/v2\/media?parent=290608"}],"wp:term":[{"taxonomy":"product_brand","embeddable":true,"href":"https:\/\/staging.nbg.eu\/sl\/wp-json\/wp\/v2\/product_brand?post=290608"},{"taxonomy":"product_cat","embeddable":true,"href":"https:\/\/staging.nbg.eu\/sl\/wp-json\/wp\/v2\/product_cat?post=290608"},{"taxonomy":"product_tag","embeddable":true,"href":"https:\/\/staging.nbg.eu\/sl\/wp-json\/wp\/v2\/product_tag?post=290608"}],"curies":[{"name":"wp","href":"https:\/\/api.w.org\/{rel}","templated":true}]}}