{"id":290498,"date":"2025-03-02T06:50:24","date_gmt":"2025-03-27T10:29:12","guid":{"rendered":"https:\/\/staging.nbg.eu\/prodcut\/area-419-railchanger-shmedium-from-armageddon-gear\/"},"modified":"2025-03-27T10:31:40","modified_gmt":"2025-03-27T10:31:40","slug":"area-419-railchanger-shmedium-od-armageddon-gear","status":"publish","type":"product","link":"https:\/\/staging.nbg.eu\/sl\/izdelek\/area-419-railchanger-shmedium-od-armageddon-gear\/","title":{"rendered":"Area 419 &#8211; RailChanger Shmedium od Armageddon Gear"},"content":{"rendered":"<h2>Area 419 &#8211; RailChanger Shmedium<\/h2>\n<h2>proizvajalec Armageddon Gear<\/h2>\n<p>RailChanger Shmedium je strelska priprava srednje velikosti z gosto polnilom, primerna za uporabo na streli\u0161\u010du.<\/p>\n<ul>\n<li><strong>Dizajn:<\/strong> Lasersko izrezane plo\u0161\u010de na vrhu in ob strani za pritrditev na RCX<\/li>\n<li><strong>Velikost:<\/strong> 20,3 \u00d7 15,2 \u00d7 15,2 centimetrov<\/li>\n<li><strong>Te\u017ea:<\/strong> 3,2 kilograma<\/li>\n<li><strong>Kakovost:<\/strong> Izdeluje Armageddon Gear<\/li>\n<\/ul>\n<p>RailChanger Shmedium je torba, ki se pogosto uporablja na streli\u0161\u010dih. Namenjena je izbolj\u0161anju strelske izku\u0161nje.<\/p>\n","protected":false},"excerpt":{"rendered":"<p>Kompakten, gosto polnjen GameChanger za RCX. Popoln spremljevalec na streli\u0161\u010du.<\/p>\n","protected":false},"featured_media":233505,"template":"","meta":{"_acf_changed":false},"product_brand":[11052],"product_cat":[13483,390],"product_tag":[],"class_list":{"0":"post-290498","1":"product","2":"type-product","3":"status-publish","4":"has-post-thumbnail","6":"product_brand-area-419","7":"product_cat-puska","8":"product_cat-aiming","10":"first","11":"instock","12":"taxable","13":"shipping-taxable","14":"purchasable","15":"product-type-simple"},"acf":[],"_links":{"self":[{"href":"https:\/\/staging.nbg.eu\/sl\/wp-json\/wp\/v2\/product\/290498","targetHints":{"allow":["GET"]}}],"collection":[{"href":"https:\/\/staging.nbg.eu\/sl\/wp-json\/wp\/v2\/product"}],"about":[{"href":"https:\/\/staging.nbg.eu\/sl\/wp-json\/wp\/v2\/types\/product"}],"wp:featuredmedia":[{"embeddable":true,"href":"https:\/\/staging.nbg.eu\/sl\/wp-json\/wp\/v2\/media\/233505"}],"wp:attachment":[{"href":"https:\/\/staging.nbg.eu\/sl\/wp-json\/wp\/v2\/media?parent=290498"}],"wp:term":[{"taxonomy":"product_brand","embeddable":true,"href":"https:\/\/staging.nbg.eu\/sl\/wp-json\/wp\/v2\/product_brand?post=290498"},{"taxonomy":"product_cat","embeddable":true,"href":"https:\/\/staging.nbg.eu\/sl\/wp-json\/wp\/v2\/product_cat?post=290498"},{"taxonomy":"product_tag","embeddable":true,"href":"https:\/\/staging.nbg.eu\/sl\/wp-json\/wp\/v2\/product_tag?post=290498"}],"curies":[{"name":"wp","href":"https:\/\/api.w.org\/{rel}","templated":true}]}}