{"id":290382,"date":"2025-03-02T06:33:52","date_gmt":"2025-03-27T10:03:51","guid":{"rendered":"https:\/\/staging.nbg.eu\/prodcut\/area-419-railchanger-og-bag\/"},"modified":"2025-03-27T10:06:21","modified_gmt":"2025-03-27T10:06:21","slug":"area-419-railchanger-og-torba","status":"publish","type":"product","link":"https:\/\/staging.nbg.eu\/sl\/izdelek\/area-419-railchanger-og-torba\/","title":{"rendered":"Area 419 &#8211; RailChanger OG Torba"},"content":{"rendered":"<h2>Area 419 &#8211; RailChanger OG torba<\/h2>\n<p>RailChanger OG od Armageddon Gear &#8211; dodatek za va\u0161 RCX sistem. Ta OG GameChanger polne velikosti ima lasersko izrezane plo\u0161\u010de na vrhu in ob strani, ki omogo\u010dajo integracijo z va\u0161im RCX sistemom.<\/p>\n<h2>Klju\u010dne lastnosti:<\/h2>\n<ul>\n<li>Zasnovana za RCX sistem<\/li>\n<li>Lasersko izrezane plo\u0161\u010de za pritrditev<\/li>\n<li>Dizajn OG GameChanger polne velikosti<\/li>\n<li>Trpe\u017ena konstrukcija<\/li>\n<\/ul>\n<h2>Specifikacije:<\/h2>\n<ul>\n<li>Te\u017ea: 3,18 kg<\/li>\n<li>Dimenzije: 25,4 \u00d7 17,8 \u00d7 15,2 cm<\/li>\n<li>Razpolo\u017eljive barve: \u010crna, Rjava<\/li>\n<\/ul>\n<p>RailChanger OG &#8211; torba, zasnovana za RCX sistem.<\/p>\n","protected":false},"excerpt":{"rendered":"<p>Prilagojena torba GameChanger za RCX: lasersko izrezane plo\u0161\u010de, polna velikost, vsestranska.<\/p>\n","protected":false},"featured_media":233480,"template":"","meta":{"_acf_changed":false},"product_brand":[11052],"product_cat":[13483],"product_tag":[],"class_list":{"0":"post-290382","1":"product","2":"type-product","3":"status-publish","4":"has-post-thumbnail","6":"product_brand-area-419","7":"product_cat-puska","9":"first","10":"outofstock","11":"taxable","12":"shipping-taxable","13":"purchasable","14":"product-type-variable","15":"wvs-archive-product-wrapper"},"acf":[],"_links":{"self":[{"href":"https:\/\/staging.nbg.eu\/sl\/wp-json\/wp\/v2\/product\/290382","targetHints":{"allow":["GET"]}}],"collection":[{"href":"https:\/\/staging.nbg.eu\/sl\/wp-json\/wp\/v2\/product"}],"about":[{"href":"https:\/\/staging.nbg.eu\/sl\/wp-json\/wp\/v2\/types\/product"}],"wp:featuredmedia":[{"embeddable":true,"href":"https:\/\/staging.nbg.eu\/sl\/wp-json\/wp\/v2\/media\/233480"}],"wp:attachment":[{"href":"https:\/\/staging.nbg.eu\/sl\/wp-json\/wp\/v2\/media?parent=290382"}],"wp:term":[{"taxonomy":"product_brand","embeddable":true,"href":"https:\/\/staging.nbg.eu\/sl\/wp-json\/wp\/v2\/product_brand?post=290382"},{"taxonomy":"product_cat","embeddable":true,"href":"https:\/\/staging.nbg.eu\/sl\/wp-json\/wp\/v2\/product_cat?post=290382"},{"taxonomy":"product_tag","embeddable":true,"href":"https:\/\/staging.nbg.eu\/sl\/wp-json\/wp\/v2\/product_tag?post=290382"}],"curies":[{"name":"wp","href":"https:\/\/api.w.org\/{rel}","templated":true}]}}