{"id":290249,"date":"2025-03-02T10:02:47","date_gmt":"2025-03-02T10:02:47","guid":{"rendered":"https:\/\/staging.nbg.eu\/prodcut\/area-419-arcalock-rail-for-barrett-mrad-mk22-sniper-system\/"},"modified":"2025-03-27T09:58:34","modified_gmt":"2025-03-27T09:58:34","slug":"area-419-arcalock-tirnica-za-barrett-mrad-mk22-snajperski-sistem","status":"publish","type":"product","link":"https:\/\/staging.nbg.eu\/sl\/izdelek\/area-419-arcalock-tirnica-za-barrett-mrad-mk22-snajperski-sistem\/","title":{"rendered":"Area 419 &#8211; ARCALOCK Tirnica za Barrett MRAD, MK22 Snajperski Sistem"},"content":{"rendered":"<div class=\"product-description\">\n<h2>Area 419 &#8211; ARCALOCK vodilo za Barrett MRAD, MK22 ostrostrelski sistem<\/h2>\n<p>ARCALOCK vodilo Area 419 za Barrett MRAD ali MK22 ostrostrelski sistem ponuja:<\/p>\n<ul>\n<li>Zdru\u017eljivost s platformami Barrett MRAD in MK22<\/li>\n<li>Konstrukcija iz aluminija 7075-T6 za vzdr\u017eljivost<\/li>\n<li>ARCALOCK sistem pritrditve<\/li>\n<li>Podalj\u0161ano zgornje vodilo za dodatne mo\u017enosti monta\u017ee<\/li>\n<li>M-LOK zdru\u017eljive stranice in spodnji del<\/li>\n<li>Lahka zasnova<\/li>\n<li>Trdo anodiziran zaklju\u010dek po voja\u0161kem standardu za odpornost proti koroziji<\/li>\n<\/ul>\n<p>Area 419 ARCALOCK vodilo je nadgradnja za ostrostrelce in voja\u0161ke strokovnjake.<\/p>\n<\/div>\n","protected":false},"excerpt":{"rendered":"<p>Precizno izdelana ARCALOCK vodila za Barrett MRAD\/MK22. Izbolj\u0161a natan\u010dnost in omogo\u010da namestitev dodatne opreme.<\/p>\n","protected":false},"featured_media":234176,"template":"","meta":{"_acf_changed":false},"product_brand":[11052],"product_cat":[13483,13431],"product_tag":[],"class_list":{"0":"post-290249","1":"product","2":"type-product","3":"status-publish","4":"has-post-thumbnail","6":"product_brand-area-419","7":"product_cat-puska","8":"product_cat-tirnice","10":"first","11":"instock","12":"taxable","13":"shipping-taxable","14":"purchasable","15":"product-type-simple"},"acf":[],"_links":{"self":[{"href":"https:\/\/staging.nbg.eu\/sl\/wp-json\/wp\/v2\/product\/290249","targetHints":{"allow":["GET"]}}],"collection":[{"href":"https:\/\/staging.nbg.eu\/sl\/wp-json\/wp\/v2\/product"}],"about":[{"href":"https:\/\/staging.nbg.eu\/sl\/wp-json\/wp\/v2\/types\/product"}],"wp:featuredmedia":[{"embeddable":true,"href":"https:\/\/staging.nbg.eu\/sl\/wp-json\/wp\/v2\/media\/234176"}],"wp:attachment":[{"href":"https:\/\/staging.nbg.eu\/sl\/wp-json\/wp\/v2\/media?parent=290249"}],"wp:term":[{"taxonomy":"product_brand","embeddable":true,"href":"https:\/\/staging.nbg.eu\/sl\/wp-json\/wp\/v2\/product_brand?post=290249"},{"taxonomy":"product_cat","embeddable":true,"href":"https:\/\/staging.nbg.eu\/sl\/wp-json\/wp\/v2\/product_cat?post=290249"},{"taxonomy":"product_tag","embeddable":true,"href":"https:\/\/staging.nbg.eu\/sl\/wp-json\/wp\/v2\/product_tag?post=290249"}],"curies":[{"name":"wp","href":"https:\/\/api.w.org\/{rel}","templated":true}]}}