{"id":290036,"date":"2025-03-06T10:55:57","date_gmt":"2025-03-06T10:55:57","guid":{"rendered":"https:\/\/staging.nbg.eu\/prodcut\/surefire-xr1-a-weapon-light\/"},"modified":"2025-03-26T21:51:34","modified_gmt":"2025-03-26T21:51:34","slug":"surefire-xr1-a-orozna-svetilka","status":"publish","type":"product","link":"https:\/\/staging.nbg.eu\/sl\/izdelek\/surefire-xr1-a-orozna-svetilka\/","title":{"rendered":"SureFire XR1-A Oro\u017ena Svetilka"},"content":{"rendered":"<div class=\"product-description\">\n<h2>SureFire XR1-A oro\u017ena svetilka<\/h2>\n<p>SureFire XR1-A je polnilna oro\u017ena svetilka za uporabnike prikritega no\u0161enja. Ta kompaktna svetilka proizvaja 800 lumnov bele svetlobe, primerna je za srednje velike prikrite pi\u0161tole.<\/p>\n<h2>Klju\u010dne lastnosti:<\/h2>\n<ul>\n<li>Dvojne LED diode odporne na povratni sunek, z 800 lumni svetlobne mo\u010di<\/li>\n<li>Hibridni vzorec \u017earka za identifikacijo in zavedanje okolice<\/li>\n<li>Hitro snemljiva, polnilna litij-polimerna baterija<\/li>\n<li>Lahka, kompaktna zasnova (75 g)<\/li>\n<li>Ohi\u0161je iz trdo eloksiranega letalskega aluminija po voja\u0161kem standardu<\/li>\n<li>Varno \u0161tiri-to\u010dkovno pritrdilo za tirnico<\/li>\n<li>Obojero\u010dno stikalo za trenutni in stalni vklop<\/li>\n<li>Indikator napolnjenosti baterije<\/li>\n<\/ul>\n<h2>Zmogljivost:<\/h2>\n<ul>\n<li>Najve\u010dja intenzivnost \u017earka: 16.000 kandel<\/li>\n<li>\u010cas delovanja: 40 minut pri visoki nastavitvi<\/li>\n<li>Doseg \u017earka: 250 metrov<\/li>\n<\/ul>\n<p>XR1-A uporablja paraboli\u010dno reflektorsko tehnologijo za enakomeren \u017earek, ki ohranja zavedanje okolice. Sistem hitre odstranitve baterije omogo\u010da enostavno polnjenje brez odstranitve svetilke z oro\u017eja.<\/p>\n<p>SureFire XR1-A je ultra-kompaktna oro\u017ena svetilka, ki zdru\u017euje mo\u010d, vzdr\u017eljivost in priro\u010dnost za uporabnike, ki potrebujejo zmogljivosti pri \u0161ibki svetlobi brez kompromisov glede prikritosti in rokovanja z oro\u017ejem.<\/p>\n<\/div>\n","protected":false},"excerpt":{"rendered":"<p>SureFire XR1-A: 800-lumnska polnilna oro\u017ena svetilka za pi\u0161tole.<\/p>\n","protected":false},"featured_media":241821,"template":"","meta":{"_acf_changed":false},"product_brand":[11879],"product_cat":[13474,13467,13440],"product_tag":[],"class_list":{"0":"post-290036","1":"product","2":"type-product","3":"status-publish","4":"has-post-thumbnail","6":"product_brand-surefire","7":"product_cat-luci","8":"product_cat-luci-za-pistole","9":"product_cat-pistola","11":"first","12":"instock","13":"taxable","14":"shipping-taxable","15":"purchasable","16":"product-type-simple"},"acf":[],"_links":{"self":[{"href":"https:\/\/staging.nbg.eu\/sl\/wp-json\/wp\/v2\/product\/290036","targetHints":{"allow":["GET"]}}],"collection":[{"href":"https:\/\/staging.nbg.eu\/sl\/wp-json\/wp\/v2\/product"}],"about":[{"href":"https:\/\/staging.nbg.eu\/sl\/wp-json\/wp\/v2\/types\/product"}],"wp:featuredmedia":[{"embeddable":true,"href":"https:\/\/staging.nbg.eu\/sl\/wp-json\/wp\/v2\/media\/241821"}],"wp:attachment":[{"href":"https:\/\/staging.nbg.eu\/sl\/wp-json\/wp\/v2\/media?parent=290036"}],"wp:term":[{"taxonomy":"product_brand","embeddable":true,"href":"https:\/\/staging.nbg.eu\/sl\/wp-json\/wp\/v2\/product_brand?post=290036"},{"taxonomy":"product_cat","embeddable":true,"href":"https:\/\/staging.nbg.eu\/sl\/wp-json\/wp\/v2\/product_cat?post=290036"},{"taxonomy":"product_tag","embeddable":true,"href":"https:\/\/staging.nbg.eu\/sl\/wp-json\/wp\/v2\/product_tag?post=290036"}],"curies":[{"name":"wp","href":"https:\/\/api.w.org\/{rel}","templated":true}]}}