{"id":289925,"date":"2025-03-01T16:08:15","date_gmt":"2025-03-26T21:41:45","guid":{"rendered":"https:\/\/staging.nbg.eu\/prodcut\/area-419-arcalock-barricade-stop\/"},"modified":"2025-03-26T21:44:22","modified_gmt":"2025-03-26T21:44:22","slug":"area-419-arcalock-barikadno-zaustavilo","status":"publish","type":"product","link":"https:\/\/staging.nbg.eu\/sl\/izdelek\/area-419-arcalock-barikadno-zaustavilo\/","title":{"rendered":"Area 419 &#8211; ARCALOCK Barikadno Zaustavilo"},"content":{"rendered":"<h2>Area 419 &#8211; ARCALOCK Barikadni Zaustavljalec<\/h2>\n<p>Dodatni barikadni zaustavljalec za ARCALOCK sistem, namenjen stabilnosti in natan\u010dnosti.<\/p>\n<h2>Klju\u010dne lastnosti:<\/h2>\n<ul>\n<li>Vzorec vijakov zdru\u017eljiv z Atlas bipod<\/li>\n<li>Mo\u017enost namestitve: med objemko in bipodom ali samostojno<\/li>\n<li>Sprednji zobje za bolj\u0161i oprijem na barikadi<\/li>\n<li>Strojno izdelan iz aluminija 6061-T6<\/li>\n<li>Te\u017ea: 0,5 lbs (pribli\u017eno 0,23 kg)<\/li>\n<li>Dimenzije: 6&#8243; \u00d7 3,5&#8243; \u00d7 2&#8243; (pribli\u017eno 15,2 cm \u00d7 8,9 cm \u00d7 5,1 cm)<\/li>\n<\/ul>\n<p><strong>Opomba:<\/strong> Samo barikadni zaustavljalec; objemka in bipod nista vklju\u010dena. Ni zdru\u017eljiv s Harris Bipodom brez na\u0161ega podalj\u0161ka Spigot.<\/p>\n<p>Area 419 ARCALOCK Barikadni Zaustavljalec je dodatek za stabilnost pri streljanju.<\/p>\n","protected":false},"excerpt":{"rendered":"<p>Area 419 ARCALOCK zapora: Varen oprijem za natan\u010dno streljanje.<\/p>\n","protected":false},"featured_media":233050,"template":"","meta":{"_acf_changed":false},"product_brand":[11052],"product_cat":[13432,13483,13454,13431],"product_tag":[],"class_list":{"0":"post-289925","1":"product","2":"type-product","3":"status-publish","4":"has-post-thumbnail","6":"product_brand-area-419","7":"product_cat-nastavitve-puske","8":"product_cat-puska","9":"product_cat-rocaji-za-puske","10":"product_cat-tirnice","12":"first","13":"instock","14":"taxable","15":"shipping-taxable","16":"purchasable","17":"product-type-simple"},"acf":[],"_links":{"self":[{"href":"https:\/\/staging.nbg.eu\/sl\/wp-json\/wp\/v2\/product\/289925","targetHints":{"allow":["GET"]}}],"collection":[{"href":"https:\/\/staging.nbg.eu\/sl\/wp-json\/wp\/v2\/product"}],"about":[{"href":"https:\/\/staging.nbg.eu\/sl\/wp-json\/wp\/v2\/types\/product"}],"wp:featuredmedia":[{"embeddable":true,"href":"https:\/\/staging.nbg.eu\/sl\/wp-json\/wp\/v2\/media\/233050"}],"wp:attachment":[{"href":"https:\/\/staging.nbg.eu\/sl\/wp-json\/wp\/v2\/media?parent=289925"}],"wp:term":[{"taxonomy":"product_brand","embeddable":true,"href":"https:\/\/staging.nbg.eu\/sl\/wp-json\/wp\/v2\/product_brand?post=289925"},{"taxonomy":"product_cat","embeddable":true,"href":"https:\/\/staging.nbg.eu\/sl\/wp-json\/wp\/v2\/product_cat?post=289925"},{"taxonomy":"product_tag","embeddable":true,"href":"https:\/\/staging.nbg.eu\/sl\/wp-json\/wp\/v2\/product_tag?post=289925"}],"curies":[{"name":"wp","href":"https:\/\/api.w.org\/{rel}","templated":true}]}}