{"id":289594,"date":"2025-03-01T14:21:59","date_gmt":"2025-03-26T21:29:16","guid":{"rendered":"https:\/\/staging.nbg.eu\/prodcut\/area-419-arcalock-10%e2%80%b3-universal-dovetail-rail\/"},"modified":"2025-03-26T21:31:50","modified_gmt":"2025-03-26T21:31:50","slug":"area-419-arcalock-10-univerzalna-dovetail-tirnica","status":"publish","type":"product","link":"https:\/\/staging.nbg.eu\/sl\/izdelek\/area-419-arcalock-10-univerzalna-dovetail-tirnica\/","title":{"rendered":"Area 419 &#8211; ARCALOCK 10\u2033 Univerzalna Dovetail Tirnica"},"content":{"rendered":"<div class=\"product-description\">\n<h2>Area 419 &#8211; ARCALOCK 10&#8243; Univerzalna tirnica z lastovi\u010djim repom<\/h2>\n<p>Nadgradite svojo precizno pu\u0161ko z ARCALOCK 10&#8243; univerzalno tirnico z lastovi\u010djim repom od Area 419. Ta tirnica ima naslednje lastnosti:<\/p>\n<ul>\n<li>Nazob\u010dane stranice za mehansko zaklepanje s sponkami Area 419<\/li>\n<li>Zdru\u017eljivost s standardnimi Arca dodatki<\/li>\n<li>Lahka zasnova s te\u017eo 116 gramov<\/li>\n<li>Skladnost s standardom RRS 1.5&#8243; lastovi\u010djega repa<\/li>\n<li>Po\u0161evni robovi za udobje in varnost<\/li>\n<li>Konstrukcija iz aluminija 6061-T6 s trdo anodizacijo tipa 3<\/li>\n<li>Izdelano v ZDA<\/li>\n<li>M-LOK re\u017ee za namestitev dodatnih pripomo\u010dkov<\/li>\n<\/ul>\n<p><strong>Opomba:<\/strong> Za pritrditev potrebuje 6 zaporednih MLOK re\u017e. Za kopita z manj re\u017eami razmislite o 12&#8243; univerzalni tirnici.<\/p>\n<p>Izbolj\u0161ajte svojo strelsko izku\u0161njo s sistemom tirnic ARCALOCK z lastovi\u010djim repom.<\/p>\n<\/div>\n","protected":false},"excerpt":{"rendered":"<p>ARCALOCK 10&#8243; univerzalna letev za lastovi\u010dji rep: Varna, vsestranska MLOK pritrditev za precizne pu\u0161ke.<\/p>\n","protected":false},"featured_media":232434,"template":"","meta":{"_acf_changed":false},"product_brand":[11052],"product_cat":[13483,13431,390],"product_tag":[],"class_list":{"0":"post-289594","1":"product","2":"type-product","3":"status-publish","4":"has-post-thumbnail","6":"product_brand-area-419","7":"product_cat-puska","8":"product_cat-tirnice","9":"product_cat-aiming","11":"first","12":"instock","13":"taxable","14":"shipping-taxable","15":"purchasable","16":"product-type-simple"},"acf":[],"_links":{"self":[{"href":"https:\/\/staging.nbg.eu\/sl\/wp-json\/wp\/v2\/product\/289594","targetHints":{"allow":["GET"]}}],"collection":[{"href":"https:\/\/staging.nbg.eu\/sl\/wp-json\/wp\/v2\/product"}],"about":[{"href":"https:\/\/staging.nbg.eu\/sl\/wp-json\/wp\/v2\/types\/product"}],"wp:featuredmedia":[{"embeddable":true,"href":"https:\/\/staging.nbg.eu\/sl\/wp-json\/wp\/v2\/media\/232434"}],"wp:attachment":[{"href":"https:\/\/staging.nbg.eu\/sl\/wp-json\/wp\/v2\/media?parent=289594"}],"wp:term":[{"taxonomy":"product_brand","embeddable":true,"href":"https:\/\/staging.nbg.eu\/sl\/wp-json\/wp\/v2\/product_brand?post=289594"},{"taxonomy":"product_cat","embeddable":true,"href":"https:\/\/staging.nbg.eu\/sl\/wp-json\/wp\/v2\/product_cat?post=289594"},{"taxonomy":"product_tag","embeddable":true,"href":"https:\/\/staging.nbg.eu\/sl\/wp-json\/wp\/v2\/product_tag?post=289594"}],"curies":[{"name":"wp","href":"https:\/\/api.w.org\/{rel}","templated":true}]}}