{"id":289237,"date":"2025-03-05T07:40:12","date_gmt":"2025-03-05T07:40:12","guid":{"rendered":"https:\/\/staging.nbg.eu\/prodcut\/magpul-moe-sl-carbine-stock-for-ar15-m4\/"},"modified":"2025-03-26T21:07:48","modified_gmt":"2025-03-26T21:07:48","slug":"magpul-moe-sl-karabinka-kopita-za-ar15-m4","status":"publish","type":"product","link":"https:\/\/staging.nbg.eu\/sl\/izdelek\/magpul-moe-sl-karabinka-kopita-za-ar15-m4\/","title":{"rendered":"Magpul &#8211; MOE SL Karabinka Kopita za AR15 \/ M4"},"content":{"rendered":"<h2>Magpul MOE SL Karbinska Kopita za AR15 \/ M4<\/h2>\n<p>Magpul MOE SL Kopito je nadomestno kopito za AR15\/M4 karbine, ki se pritrdi na standardne cevi odbojnika. Lastnosti tega kopita, izdelanega v ZDA, vklju\u010dujejo:<\/p>\n<ul>\n<li>Izbolj\u0161an stik s licem<\/li>\n<li>Gumbi za sprostitev na obeh straneh za enostavno prilagajanje<\/li>\n<li>Zaobljen spodnji rob za la\u017eje premikanje na rami<\/li>\n<li>Gumijasta podloga za bolj\u0161i oprijem in za\u0161\u010dito<\/li>\n<li>Notranji mehanizem za prepre\u010devanje ropotanja<\/li>\n<li>Vgrajen nosilec za hitro odstranljiv vponko in 1,25&#8243; zanko za jermen<\/li>\n<li>Zdru\u017eljivost z razli\u010dnimi nastavki za jermen<\/li>\n<\/ul>\n<p>Specifikacije: te\u017ea 263 g, 8,4 cm razpon prilagoditve dol\u017eine, primerno za standardne cevi odbojnika znamk Colt, LMT, Ruger, S&amp;W, SIG in drugih.<\/p>\n<p><strong>Opomba:<\/strong> Pred nakupom preverite zdru\u017eljivost z velikostjo va\u0161e cevi odbojnika.<\/p>\n","protected":false},"excerpt":{"rendered":"<p>Elegantna, nastavljiva kopita za AR15\/M4. Obojestransko spro\u0161\u010danje, nedrsna blazinica, QD pritrditev.<\/p>\n","protected":false},"featured_media":237997,"template":"","meta":{"_acf_changed":false},"product_brand":[11542],"product_cat":[13443,13432,13483],"product_tag":[],"class_list":{"0":"post-289237","1":"product","2":"type-product","3":"status-publish","4":"has-post-thumbnail","6":"product_brand-magpul","7":"product_cat-kopita-puske","8":"product_cat-nastavitve-puske","9":"product_cat-puska","11":"first","12":"outofstock","13":"taxable","14":"shipping-taxable","15":"purchasable","16":"product-type-simple"},"acf":[],"_links":{"self":[{"href":"https:\/\/staging.nbg.eu\/sl\/wp-json\/wp\/v2\/product\/289237","targetHints":{"allow":["GET"]}}],"collection":[{"href":"https:\/\/staging.nbg.eu\/sl\/wp-json\/wp\/v2\/product"}],"about":[{"href":"https:\/\/staging.nbg.eu\/sl\/wp-json\/wp\/v2\/types\/product"}],"wp:featuredmedia":[{"embeddable":true,"href":"https:\/\/staging.nbg.eu\/sl\/wp-json\/wp\/v2\/media\/237997"}],"wp:attachment":[{"href":"https:\/\/staging.nbg.eu\/sl\/wp-json\/wp\/v2\/media?parent=289237"}],"wp:term":[{"taxonomy":"product_brand","embeddable":true,"href":"https:\/\/staging.nbg.eu\/sl\/wp-json\/wp\/v2\/product_brand?post=289237"},{"taxonomy":"product_cat","embeddable":true,"href":"https:\/\/staging.nbg.eu\/sl\/wp-json\/wp\/v2\/product_cat?post=289237"},{"taxonomy":"product_tag","embeddable":true,"href":"https:\/\/staging.nbg.eu\/sl\/wp-json\/wp\/v2\/product_tag?post=289237"}],"curies":[{"name":"wp","href":"https:\/\/api.w.org\/{rel}","templated":true}]}}