{"id":289120,"date":"2025-03-05T07:17:43","date_gmt":"2025-03-26T19:45:39","guid":{"rendered":"https:\/\/staging.nbg.eu\/prodcut\/magpul-ctr-carbine-stock-for-ar15-m4\/"},"modified":"2025-03-26T19:48:19","modified_gmt":"2025-03-26T19:48:19","slug":"magpul-ctr-karabinka-kopita-za-ar15-m4","status":"publish","type":"product","link":"https:\/\/staging.nbg.eu\/sl\/izdelek\/magpul-ctr-karabinka-kopita-za-ar15-m4\/","title":{"rendered":"Magpul &#8211; CTR\u2122 Karabinka Kopita za AR15 \/ M4"},"content":{"rendered":"<div class=\"product-description\">\n<h2>Magpul CTR\u2122 Kopito za karabinko AR15 \/ M4<\/h2>\n<p>Magpul CTR (Compact\/Type Restricted) \u2013 model Mil-Spec za AR15 \/ M16 karabinko. To nadomestno kopito ima naslednje lastnosti:<\/p>\n<ul>\n<li>A-okvirni profil za prepre\u010devanje zatikanja<\/li>\n<li>Za\u0161\u010ditena sprostitvena zaklopka za prepre\u010devanje nenamerne aktivacije<\/li>\n<li>Dodatni sistem zaklepanja za izbolj\u0161ano stabilnost oro\u017eja<\/li>\n<li>Obojestranski QD nosilec za jermen, zdru\u017eljiv z gumbi za pritrditev jermena<\/li>\n<li>0,3-pal\u010dna gumijasta blazinica za oporo na rami<\/li>\n<\/ul>\n<p>Zdru\u017eljivo s cevmi za podalj\u0161ek sprejemnika Mil-Spec velikosti, to kopito, izdelano v ZDA, omogo\u010da prilagoditev dol\u017eine potega 3,3 palca. Z najve\u010djo dol\u017eino 7,0 palcev in te\u017eo 8,9 un\u010d, CTR kopito nudi ravnote\u017eje med funkcionalnostjo in udobjem za va\u0161o karabinko.<\/p>\n<p><strong>Opomba:<\/strong> Zdru\u017eljivo samo s podalj\u0161ki sprejemnika Mil-Spec. Pred nakupom preverite, ali ima va\u0161a karabinka ustrezno cev.<\/p>\n<\/div>\n","protected":false},"excerpt":{"rendered":"<p>Kompaktna zaloga za AR15\/M4. Aerodinami\u010dna, stabilna, s hitro odstranljivim nosilcem za jermen.<\/p>\n","protected":false},"featured_media":237505,"template":"","meta":{"_acf_changed":false},"product_brand":[11542],"product_cat":[13443,13432,13483],"product_tag":[],"class_list":{"0":"post-289120","1":"product","2":"type-product","3":"status-publish","4":"has-post-thumbnail","6":"product_brand-magpul","7":"product_cat-kopita-puske","8":"product_cat-nastavitve-puske","9":"product_cat-puska","11":"first","12":"instock","13":"taxable","14":"shipping-taxable","15":"purchasable","16":"product-type-simple"},"acf":[],"_links":{"self":[{"href":"https:\/\/staging.nbg.eu\/sl\/wp-json\/wp\/v2\/product\/289120","targetHints":{"allow":["GET"]}}],"collection":[{"href":"https:\/\/staging.nbg.eu\/sl\/wp-json\/wp\/v2\/product"}],"about":[{"href":"https:\/\/staging.nbg.eu\/sl\/wp-json\/wp\/v2\/types\/product"}],"wp:featuredmedia":[{"embeddable":true,"href":"https:\/\/staging.nbg.eu\/sl\/wp-json\/wp\/v2\/media\/237505"}],"wp:attachment":[{"href":"https:\/\/staging.nbg.eu\/sl\/wp-json\/wp\/v2\/media?parent=289120"}],"wp:term":[{"taxonomy":"product_brand","embeddable":true,"href":"https:\/\/staging.nbg.eu\/sl\/wp-json\/wp\/v2\/product_brand?post=289120"},{"taxonomy":"product_cat","embeddable":true,"href":"https:\/\/staging.nbg.eu\/sl\/wp-json\/wp\/v2\/product_cat?post=289120"},{"taxonomy":"product_tag","embeddable":true,"href":"https:\/\/staging.nbg.eu\/sl\/wp-json\/wp\/v2\/product_tag?post=289120"}],"curies":[{"name":"wp","href":"https:\/\/api.w.org\/{rel}","templated":true}]}}