{"id":288905,"date":"2025-03-05T10:45:22","date_gmt":"2025-03-05T10:45:22","guid":{"rendered":"https:\/\/staging.nbg.eu\/prodcut\/magpul-pmag-ar-m4-gen-m3-10rds\/"},"modified":"2025-03-26T19:11:40","modified_gmt":"2025-03-26T19:11:40","slug":"magpul-pmag-arm4-gen-m3","status":"publish","type":"product","link":"https:\/\/staging.nbg.eu\/sl\/izdelek\/magpul-pmag-arm4-gen-m3\/","title":{"rendered":"Magpul &#8211; PMAG\u00ae AR\/M4 GEN M3\u2122"},"content":{"rendered":"<h2>Magpul &#8211; PMAG\u00ae AR\/M4 GEN M3\u2122<\/h2>\n<p>PMAG 10 GEN M3 je 10-strelni polimerni nabojnik za AR15\/M4 kompatibilno oro\u017eje. Ponuja naslednje lastnosti:<\/p>\n<ul>\n<li>Izbolj\u0161ana trdnost in vzdr\u017eljivost s sodobno polimerno konstrukcijo<\/li>\n<li>Zdru\u017eljivost z razli\u010dnimi platformami, vklju\u010dno s HK\u00ae 416 in FN\u00ae SCAR\u2122 MK 16\/16S<\/li>\n<li>Zanesljivo podajanje s \u0161tiristranskim podajalnikom proti nagibanju<\/li>\n<li>Enostavno razstavljanje in izbolj\u0161ana za\u0161\u010dita pred padci z raz\u0161irjenim dnom<\/li>\n<li>Gladko delovanje zaradi notranje geometrije s konstantno krivuljo<\/li>\n<li>Dober oprijem z rebrasto povr\u0161ino in grobo teksturo<\/li>\n<\/ul>\n<p>PMAG 10 GEN M3 je izdelan v ZDA in je primeren za streljanje v le\u017ee\u010dem polo\u017eaju in takti\u010dno uporabo.<\/p>\n","protected":false},"excerpt":{"rendered":"<p>Trpe\u017een 10-strelni nabojnik za AR15\/M4 z izbolj\u0161animi lastnostmi in zdru\u017eljivostjo.<\/p>\n","protected":false},"featured_media":239100,"template":"","meta":{"_acf_changed":false},"product_brand":[11542],"product_cat":[13466,13483],"product_tag":[],"class_list":{"0":"post-288905","1":"product","2":"type-product","3":"status-publish","4":"has-post-thumbnail","6":"product_brand-magpul","7":"product_cat-nabojniki-za-puske","8":"product_cat-puska","10":"first","11":"instock","12":"taxable","13":"shipping-taxable","14":"product-type-variable","15":"wvs-archive-product-wrapper"},"acf":[],"_links":{"self":[{"href":"https:\/\/staging.nbg.eu\/sl\/wp-json\/wp\/v2\/product\/288905","targetHints":{"allow":["GET"]}}],"collection":[{"href":"https:\/\/staging.nbg.eu\/sl\/wp-json\/wp\/v2\/product"}],"about":[{"href":"https:\/\/staging.nbg.eu\/sl\/wp-json\/wp\/v2\/types\/product"}],"wp:featuredmedia":[{"embeddable":true,"href":"https:\/\/staging.nbg.eu\/sl\/wp-json\/wp\/v2\/media\/239100"}],"wp:attachment":[{"href":"https:\/\/staging.nbg.eu\/sl\/wp-json\/wp\/v2\/media?parent=288905"}],"wp:term":[{"taxonomy":"product_brand","embeddable":true,"href":"https:\/\/staging.nbg.eu\/sl\/wp-json\/wp\/v2\/product_brand?post=288905"},{"taxonomy":"product_cat","embeddable":true,"href":"https:\/\/staging.nbg.eu\/sl\/wp-json\/wp\/v2\/product_cat?post=288905"},{"taxonomy":"product_tag","embeddable":true,"href":"https:\/\/staging.nbg.eu\/sl\/wp-json\/wp\/v2\/product_tag?post=288905"}],"curies":[{"name":"wp","href":"https:\/\/api.w.org\/{rel}","templated":true}]}}