{"id":288754,"date":"2025-03-05T08:15:00","date_gmt":"2025-03-26T18:12:29","guid":{"rendered":"https:\/\/staging.nbg.eu\/prodcut\/magpul-prs-lite-precision-adjustable-stock\/"},"modified":"2025-03-26T18:15:05","modified_gmt":"2025-03-26T18:15:05","slug":"magpul-prs-lite-precizno-nastavljiva-kopita","status":"publish","type":"product","link":"https:\/\/staging.nbg.eu\/sl\/izdelek\/magpul-prs-lite-precizno-nastavljiva-kopita\/","title":{"rendered":"Magpul &#8211; PRS Lite Precizno Nastavljiva Kopita"},"content":{"rendered":"<div class=\"product-description\">\n<h2>Magpul PRS Lite nastavljiva kopita<\/h2>\n<p>Magpul PRS Lite ponuja natan\u010dno nastavljivost v lahkem paketu, s te\u017eo 530 g. Zdru\u017eljiva z Mil-Spec USGI karbonskimi\/SR25 zlo\u017eljivimi\/A5 podalj\u0161evalnimi cevmi za pu\u0161ke s sprejemnikom .223 in .308.<\/p>\n<h3>Klju\u010dne lastnosti:<\/h3>\n<ul>\n<li>Konstrukcija iz lahkega polimera in kovine<\/li>\n<li>Nastavljiva vi\u0161ina grebena (0-20,3 mm v korakih po 2,54 mm)<\/li>\n<li>Nastavljiva dol\u017eina potega (351,8-387,4 mm v korakih po 3,56 mm)<\/li>\n<li>Po vi\u0161ini in naklonu nastavljiva gumijasta plo\u0161\u010dica<\/li>\n<li>Ve\u010d mo\u017enosti za pritrditev jermena<\/li>\n<\/ul>\n<p>Zasnovana po voja\u0161kih standardih, PRS Lite zagotavlja optimiziran vmesnik za strelca. Kopito ima nizkoprofilno gumijasto plo\u0161\u010dico za stabilnost in razli\u010dne mo\u017enosti monta\u017ee jermena za vsestranskost.<\/p>\n<p><strong>Izdelano v ZDA<\/strong><\/p>\n<\/div>\n","protected":false},"excerpt":{"rendered":"<p>Lahka, nastavljiva AR kopita. Natan\u010den nadzor glavnika in dol\u017eine potega.<\/p>\n","protected":false},"featured_media":238465,"template":"","meta":{"_acf_changed":false},"product_brand":[11542],"product_cat":[13443,13432,13483],"product_tag":[],"class_list":{"0":"post-288754","1":"product","2":"type-product","3":"status-publish","4":"has-post-thumbnail","6":"product_brand-magpul","7":"product_cat-kopita-puske","8":"product_cat-nastavitve-puske","9":"product_cat-puska","11":"first","12":"instock","13":"taxable","14":"shipping-taxable","15":"purchasable","16":"product-type-variable","17":"wvs-archive-product-wrapper"},"acf":[],"_links":{"self":[{"href":"https:\/\/staging.nbg.eu\/sl\/wp-json\/wp\/v2\/product\/288754","targetHints":{"allow":["GET"]}}],"collection":[{"href":"https:\/\/staging.nbg.eu\/sl\/wp-json\/wp\/v2\/product"}],"about":[{"href":"https:\/\/staging.nbg.eu\/sl\/wp-json\/wp\/v2\/types\/product"}],"wp:featuredmedia":[{"embeddable":true,"href":"https:\/\/staging.nbg.eu\/sl\/wp-json\/wp\/v2\/media\/238465"}],"wp:attachment":[{"href":"https:\/\/staging.nbg.eu\/sl\/wp-json\/wp\/v2\/media?parent=288754"}],"wp:term":[{"taxonomy":"product_brand","embeddable":true,"href":"https:\/\/staging.nbg.eu\/sl\/wp-json\/wp\/v2\/product_brand?post=288754"},{"taxonomy":"product_cat","embeddable":true,"href":"https:\/\/staging.nbg.eu\/sl\/wp-json\/wp\/v2\/product_cat?post=288754"},{"taxonomy":"product_tag","embeddable":true,"href":"https:\/\/staging.nbg.eu\/sl\/wp-json\/wp\/v2\/product_tag?post=288754"}],"curies":[{"name":"wp","href":"https:\/\/api.w.org\/{rel}","templated":true}]}}